{"id":3137,"date":"2022-07-13T07:50:30","date_gmt":"2022-07-13T07:50:30","guid":{"rendered":"https:\/\/www.sagesontour.ch\/?page_id=3137"},"modified":"2022-07-13T08:24:02","modified_gmt":"2022-07-13T08:24:02","slug":"usa-canada-2022-2","status":"publish","type":"page","link":"https:\/\/www.sagesontour.ch\/?page_id=3137","title":{"rendered":"USA &#038; Canada 2022"},"content":{"rendered":"<h1 style=\"text-align: center;\">Lake Tahoe, Yellowstone Nationalpark, Joshua Tree Nationalpark, Mojave National Preserve, Grand Canyon, Bryce Canyon Nationalpark, Desert Valley und zwischendurch noch ein wenig Canada, LA, San Diego und San Francisco<\/h1>\n\n<p>Nach vier Jahren konnten wir endlich wieder ein Flugzeug besteigen und gen Westen fliegen. Im Jahr 2020 wollten wir bereits mal wieder einen Abstecher zu Barbara und Marco in Canada unternehmen. Doch dann kam COVID und die Welt stand still. Daher machen wir den Abstecher nach Canmore. Eigentlich wollten wir Marco \u00fcberraschen. Allerdings hat er es kurz bevor wir ankamen, herausgefunden.\u00a0<\/p>\n\n<div class=\"advgb-recent-posts-block grid-view columns-2 recent-posts-68014acb-d362-4938-82cb-67570394a988\"><div class=\"advgb-recent-posts\"><article class=\"advgb-recent-post\"><div class=\"advgb-post-thumbnail\"><a href=\"https:\/\/www.sagesontour.ch\/?p=2456\"><img fetchpriority=\"high\" decoding=\"async\" width=\"391\" height=\"340\" src=\"https:\/\/www.sagesontour.ch\/wp-content\/uploads\/2022\/05\/tn_20220522_143930_1.jpg\" class=\"attachment-large size-large\" alt=\"\" srcset=\"https:\/\/www.sagesontour.ch\/wp-content\/uploads\/2022\/05\/tn_20220522_143930_1.jpg 391w, https:\/\/www.sagesontour.ch\/wp-content\/uploads\/2022\/05\/tn_20220522_143930_1-300x261.jpg 300w\" sizes=\"(max-width: 391px) 100vw, 391px\" \/><\/a><\/div><div class=\"advgb-post-wrapper\"><h2 class=\"advgb-post-title\"><a href=\"https:\/\/www.sagesontour.ch\/?p=2456\">Sonntag, 22. Mai 2022<\/a><\/h2><div class=\"advgb-post-content\"><div class=\"advgb-post-excerpt\">Jetzt ist es aber mal wieder an der Zeit gewesen, sich in den Flieger zu setzen und abzuheben. In der Vergangenheit sind wir immer am Morgen zwischen <\/div><div class=\"advgb-post-readmore\"><a href=\"https:\/\/www.sagesontour.ch\/?p=2456\">Weiterlesen<\/a><\/div><\/div><\/div><\/article><article class=\"advgb-recent-post\"><div class=\"advgb-post-thumbnail\"><a href=\"https:\/\/www.sagesontour.ch\/?p=2481\"><img decoding=\"async\" width=\"374\" height=\"340\" src=\"https:\/\/www.sagesontour.ch\/wp-content\/uploads\/2022\/05\/tn_20220523_092732_1-1.jpg\" class=\"attachment-large size-large\" alt=\"\" srcset=\"https:\/\/www.sagesontour.ch\/wp-content\/uploads\/2022\/05\/tn_20220523_092732_1-1.jpg 374w, https:\/\/www.sagesontour.ch\/wp-content\/uploads\/2022\/05\/tn_20220523_092732_1-1-300x273.jpg 300w\" sizes=\"(max-width: 374px) 100vw, 374px\" \/><\/a><\/div><div class=\"advgb-post-wrapper\"><h2 class=\"advgb-post-title\"><a href=\"https:\/\/www.sagesontour.ch\/?p=2481\">Montag, 23. Mai 2022<\/a><\/h2><div class=\"advgb-post-content\"><div class=\"advgb-post-excerpt\">Nachdem wir am Morgen Napa verlassen haben, fahren wir auf der 29 Richtung Norden in das Weingebiet Napa Valley. Die Strasse ist zun\u00e4chst zweispurig, <\/div><div class=\"advgb-post-readmore\"><a href=\"https:\/\/www.sagesontour.ch\/?p=2481\">Weiterlesen<\/a><\/div><\/div><\/div><\/article><article class=\"advgb-recent-post\"><div class=\"advgb-post-thumbnail\"><a href=\"https:\/\/www.sagesontour.ch\/?p=2502\"><img decoding=\"async\" width=\"510\" height=\"340\" src=\"https:\/\/www.sagesontour.ch\/wp-content\/uploads\/2022\/05\/tn_IMG_0110.jpg\" class=\"attachment-large size-large\" alt=\"\" srcset=\"https:\/\/www.sagesontour.ch\/wp-content\/uploads\/2022\/05\/tn_IMG_0110.jpg 510w, https:\/\/www.sagesontour.ch\/wp-content\/uploads\/2022\/05\/tn_IMG_0110-300x200.jpg 300w\" sizes=\"(max-width: 510px) 100vw, 510px\" \/><\/a><\/div><div class=\"advgb-post-wrapper\"><h2 class=\"advgb-post-title\"><a href=\"https:\/\/www.sagesontour.ch\/?p=2502\">Dienstag, 24. Mai 2022<\/a><\/h2><div class=\"advgb-post-content\"><div class=\"advgb-post-excerpt\">Wir verlassen das Hard Rock Hotel und fahren zun\u00e4chst nach Sacramento in die Hauptstadt des Bundesstaates Kalifornien. An der Waterfront wurden in den<\/div><div class=\"advgb-post-readmore\"><a href=\"https:\/\/www.sagesontour.ch\/?p=2502\">Weiterlesen<\/a><\/div><\/div><\/div><\/article><article class=\"advgb-recent-post\"><div class=\"advgb-post-thumbnail\"><a href=\"https:\/\/www.sagesontour.ch\/?p=2523\"><img loading=\"lazy\" decoding=\"async\" width=\"510\" height=\"340\" src=\"https:\/\/www.sagesontour.ch\/wp-content\/uploads\/2022\/05\/tn_IMG_0256_bearbeitet.jpg\" class=\"attachment-large size-large\" alt=\"\" srcset=\"https:\/\/www.sagesontour.ch\/wp-content\/uploads\/2022\/05\/tn_IMG_0256_bearbeitet.jpg 510w, https:\/\/www.sagesontour.ch\/wp-content\/uploads\/2022\/05\/tn_IMG_0256_bearbeitet-300x200.jpg 300w\" sizes=\"(max-width: 510px) 100vw, 510px\" \/><\/a><\/div><div class=\"advgb-post-wrapper\"><h2 class=\"advgb-post-title\"><a href=\"https:\/\/www.sagesontour.ch\/?p=2523\">Mittwoch, 25. Mai 2022<\/a><\/h2><div class=\"advgb-post-content\"><div class=\"advgb-post-excerpt\">Heute jagt ein Highlight das N\u00e4chste.\nWir m\u00f6chten den Lake Tahoe umfahren. Die Route ist 104 Kilometer lang und mit einigen spektakul\u00e4ren Aussichtspun<\/div><div class=\"advgb-post-readmore\"><a href=\"https:\/\/www.sagesontour.ch\/?p=2523\">Weiterlesen<\/a><\/div><\/div><\/div><\/article><article class=\"advgb-recent-post\"><div class=\"advgb-post-thumbnail\"><a href=\"https:\/\/www.sagesontour.ch\/?p=2547\"><img loading=\"lazy\" decoding=\"async\" width=\"580\" height=\"340\" src=\"https:\/\/www.sagesontour.ch\/wp-content\/uploads\/2022\/05\/tn_IMG_0279_bearbeitet.jpg\" class=\"attachment-large size-large\" alt=\"\" srcset=\"https:\/\/www.sagesontour.ch\/wp-content\/uploads\/2022\/05\/tn_IMG_0279_bearbeitet.jpg 580w, https:\/\/www.sagesontour.ch\/wp-content\/uploads\/2022\/05\/tn_IMG_0279_bearbeitet-300x176.jpg 300w\" sizes=\"(max-width: 580px) 100vw, 580px\" \/><\/a><\/div><div class=\"advgb-post-wrapper\"><h2 class=\"advgb-post-title\"><a href=\"https:\/\/www.sagesontour.ch\/?p=2547\">Donnerstag, 26. Mai 2022<\/a><\/h2><div class=\"advgb-post-content\"><div class=\"advgb-post-excerpt\">Wir verlassen bei strahlendem Wetter unser h\u00fcbsches Motel. Wir verabschieden uns von Debbie und Mr. T., dem kleinen Haus- und Hofhund. Wir fahren zun\u00e4<\/div><div class=\"advgb-post-readmore\"><a href=\"https:\/\/www.sagesontour.ch\/?p=2547\">Weiterlesen<\/a><\/div><\/div><\/div><\/article><article class=\"advgb-recent-post\"><div class=\"advgb-post-thumbnail\"><a href=\"https:\/\/www.sagesontour.ch\/?p=2571\"><img loading=\"lazy\" decoding=\"async\" width=\"518\" height=\"340\" src=\"https:\/\/www.sagesontour.ch\/wp-content\/uploads\/2022\/05\/tn_IMG_0534_bearbeitet.jpg\" class=\"attachment-large size-large\" alt=\"\" srcset=\"https:\/\/www.sagesontour.ch\/wp-content\/uploads\/2022\/05\/tn_IMG_0534_bearbeitet.jpg 518w, https:\/\/www.sagesontour.ch\/wp-content\/uploads\/2022\/05\/tn_IMG_0534_bearbeitet-300x197.jpg 300w\" sizes=\"(max-width: 518px) 100vw, 518px\" \/><\/a><\/div><div class=\"advgb-post-wrapper\"><h2 class=\"advgb-post-title\"><a href=\"https:\/\/www.sagesontour.ch\/?p=2571\">Freitag, 27. Mai 2022<\/a><\/h2><div class=\"advgb-post-content\"><div class=\"advgb-post-excerpt\">Raus aus den Sommerkleidern und rein in die Winterboots, also dies trifft f\u00fcr den einen Teil der Reisegesellschaft zu, der andere Part greift lediglic<\/div><div class=\"advgb-post-readmore\"><a href=\"https:\/\/www.sagesontour.ch\/?p=2571\">Weiterlesen<\/a><\/div><\/div><\/div><\/article><article class=\"advgb-recent-post\"><div class=\"advgb-post-thumbnail\"><a href=\"https:\/\/www.sagesontour.ch\/?p=2601\"><img loading=\"lazy\" decoding=\"async\" width=\"510\" height=\"340\" src=\"https:\/\/www.sagesontour.ch\/wp-content\/uploads\/2022\/05\/tn_IMG_0567_bearbeitet.jpg\" class=\"attachment-large size-large\" alt=\"\" srcset=\"https:\/\/www.sagesontour.ch\/wp-content\/uploads\/2022\/05\/tn_IMG_0567_bearbeitet.jpg 510w, https:\/\/www.sagesontour.ch\/wp-content\/uploads\/2022\/05\/tn_IMG_0567_bearbeitet-300x200.jpg 300w\" sizes=\"(max-width: 510px) 100vw, 510px\" \/><\/a><\/div><div class=\"advgb-post-wrapper\"><h2 class=\"advgb-post-title\"><a href=\"https:\/\/www.sagesontour.ch\/?p=2601\">Samstag, 28. Mai 2022<\/a><\/h2><div class=\"advgb-post-content\"><div class=\"advgb-post-excerpt\">Wie soll ein Tag gut werden, wenn man in den Fr\u00fchst\u00fccksraum kommt und auf der Kaffeemaschine prangt ein Zettel: &#8222;Out of Order&#8220;. Die Erkl\u00e4rung der Dame<\/div><div class=\"advgb-post-readmore\"><a href=\"https:\/\/www.sagesontour.ch\/?p=2601\">Weiterlesen<\/a><\/div><\/div><\/div><\/article><article class=\"advgb-recent-post\"><div class=\"advgb-post-thumbnail\"><a href=\"https:\/\/www.sagesontour.ch\/?p=2616\"><img loading=\"lazy\" decoding=\"async\" width=\"600\" height=\"334\" src=\"https:\/\/www.sagesontour.ch\/wp-content\/uploads\/2022\/05\/tn_IMG_0721_bearbeitet.jpg\" class=\"attachment-large size-large\" alt=\"\" srcset=\"https:\/\/www.sagesontour.ch\/wp-content\/uploads\/2022\/05\/tn_IMG_0721_bearbeitet.jpg 600w, https:\/\/www.sagesontour.ch\/wp-content\/uploads\/2022\/05\/tn_IMG_0721_bearbeitet-300x167.jpg 300w\" sizes=\"(max-width: 600px) 100vw, 600px\" \/><\/a><\/div><div class=\"advgb-post-wrapper\"><h2 class=\"advgb-post-title\"><a href=\"https:\/\/www.sagesontour.ch\/?p=2616\">Sonntag, 29. Mai 2022<\/a><\/h2><div class=\"advgb-post-content\"><div class=\"advgb-post-excerpt\">Wir kommen heute sehr sp\u00e4t weg, dementsprechend lang ist die Warteschlange vor dem Parkeingang. Ehe wir jedoch in den Park einfahren, gehen wir in &#8218;Th<\/div><div class=\"advgb-post-readmore\"><a href=\"https:\/\/www.sagesontour.ch\/?p=2616\">Weiterlesen<\/a><\/div><\/div><\/div><\/article><article class=\"advgb-recent-post\"><div class=\"advgb-post-thumbnail\"><a href=\"https:\/\/www.sagesontour.ch\/?p=2630\"><img loading=\"lazy\" decoding=\"async\" width=\"537\" height=\"340\" src=\"https:\/\/www.sagesontour.ch\/wp-content\/uploads\/2022\/05\/tn_IMG_0797_bearbeitet.jpg\" class=\"attachment-large size-large\" alt=\"\" srcset=\"https:\/\/www.sagesontour.ch\/wp-content\/uploads\/2022\/05\/tn_IMG_0797_bearbeitet.jpg 537w, https:\/\/www.sagesontour.ch\/wp-content\/uploads\/2022\/05\/tn_IMG_0797_bearbeitet-300x190.jpg 300w\" sizes=\"(max-width: 537px) 100vw, 537px\" \/><\/a><\/div><div class=\"advgb-post-wrapper\"><h2 class=\"advgb-post-title\"><a href=\"https:\/\/www.sagesontour.ch\/?p=2630\">Montag, 30. Mai 2022<\/a><\/h2><div class=\"advgb-post-content\"><div class=\"advgb-post-excerpt\">Es ist doch tats\u00e4chlich passiert \u2013 es schneit und dies schon seit geraumer Zeit, denn alles ist weiss. Das ausgerechnet heute, da wir einmal mehr eine<\/div><div class=\"advgb-post-readmore\"><a href=\"https:\/\/www.sagesontour.ch\/?p=2630\">Weiterlesen<\/a><\/div><\/div><\/div><\/article><article class=\"advgb-recent-post\"><div class=\"advgb-post-thumbnail\"><a href=\"https:\/\/www.sagesontour.ch\/?p=2654\"><img loading=\"lazy\" decoding=\"async\" width=\"586\" height=\"340\" src=\"https:\/\/www.sagesontour.ch\/wp-content\/uploads\/2022\/06\/tn_IMG_0856_bearbeitet.jpg\" class=\"attachment-large size-large\" alt=\"\" srcset=\"https:\/\/www.sagesontour.ch\/wp-content\/uploads\/2022\/06\/tn_IMG_0856_bearbeitet.jpg 586w, https:\/\/www.sagesontour.ch\/wp-content\/uploads\/2022\/06\/tn_IMG_0856_bearbeitet-300x174.jpg 300w\" sizes=\"(max-width: 586px) 100vw, 586px\" \/><\/a><\/div><div class=\"advgb-post-wrapper\"><h2 class=\"advgb-post-title\"><a href=\"https:\/\/www.sagesontour.ch\/?p=2654\">Dienstag, 31. Mai bis Donnerstag, 02. Juni 2022<\/a><\/h2><div class=\"advgb-post-content\"><div class=\"advgb-post-excerpt\">Nachdem wir am Dienstag den ganzen Tag mit Onkel Alfons, Inga, den Cousins Gary und Albert sowie dessen Frau Shauna verbracht haben, fahren wir am Mit<\/div><div class=\"advgb-post-readmore\"><a href=\"https:\/\/www.sagesontour.ch\/?p=2654\">Weiterlesen<\/a><\/div><\/div><\/div><\/article><article class=\"advgb-recent-post\"><div class=\"advgb-post-thumbnail\"><a href=\"https:\/\/www.sagesontour.ch\/?p=2679\"><img loading=\"lazy\" decoding=\"async\" width=\"417\" height=\"340\" src=\"https:\/\/www.sagesontour.ch\/wp-content\/uploads\/2022\/06\/tn_IMG_0910_bearbeitet.jpg\" class=\"attachment-large size-large\" alt=\"\" srcset=\"https:\/\/www.sagesontour.ch\/wp-content\/uploads\/2022\/06\/tn_IMG_0910_bearbeitet.jpg 417w, https:\/\/www.sagesontour.ch\/wp-content\/uploads\/2022\/06\/tn_IMG_0910_bearbeitet-300x245.jpg 300w\" sizes=\"(max-width: 417px) 100vw, 417px\" \/><\/a><\/div><div class=\"advgb-post-wrapper\"><h2 class=\"advgb-post-title\"><a href=\"https:\/\/www.sagesontour.ch\/?p=2679\">Freitag, 03. Juni 2022<\/a><\/h2><div class=\"advgb-post-content\"><div class=\"advgb-post-excerpt\">Manchmal braucht es einfach gute Freunde, ein paar W\u00fcrstchen, ein kleines Feuerchen, sch\u00f6nes Wetter und das eine oder andere Bierchen,\u00a0 um gl\u00fccklich z<\/div><div class=\"advgb-post-readmore\"><a href=\"https:\/\/www.sagesontour.ch\/?p=2679\">Weiterlesen<\/a><\/div><\/div><\/div><\/article><article class=\"advgb-recent-post\"><div class=\"advgb-post-thumbnail\"><a href=\"https:\/\/www.sagesontour.ch\/?p=2686\"><img loading=\"lazy\" decoding=\"async\" width=\"510\" height=\"340\" src=\"https:\/\/www.sagesontour.ch\/wp-content\/uploads\/2022\/06\/tn_IMG_0973_bearbeitet.jpg\" class=\"attachment-large size-large\" alt=\"\" srcset=\"https:\/\/www.sagesontour.ch\/wp-content\/uploads\/2022\/06\/tn_IMG_0973_bearbeitet.jpg 510w, https:\/\/www.sagesontour.ch\/wp-content\/uploads\/2022\/06\/tn_IMG_0973_bearbeitet-300x200.jpg 300w\" sizes=\"(max-width: 510px) 100vw, 510px\" \/><\/a><\/div><div class=\"advgb-post-wrapper\"><h2 class=\"advgb-post-title\"><a href=\"https:\/\/www.sagesontour.ch\/?p=2686\">Samstag, 04. Juni 2022<\/a><\/h2><div class=\"advgb-post-content\"><div class=\"advgb-post-excerpt\">Die Hoffnung, einen B\u00e4ren zu sehen, haben wir immer noch nicht aufgegeben. Daher fahren wir heute noch einmal in die Natur; diesmal geht es in den Ban<\/div><div class=\"advgb-post-readmore\"><a href=\"https:\/\/www.sagesontour.ch\/?p=2686\">Weiterlesen<\/a><\/div><\/div><\/div><\/article><article class=\"advgb-recent-post\"><div class=\"advgb-post-thumbnail\"><a href=\"https:\/\/www.sagesontour.ch\/?p=2703\"><img loading=\"lazy\" decoding=\"async\" width=\"597\" height=\"340\" src=\"https:\/\/www.sagesontour.ch\/wp-content\/uploads\/2022\/06\/tn_IMG_1009_bearbeitet.jpg\" class=\"attachment-large size-large\" alt=\"\" srcset=\"https:\/\/www.sagesontour.ch\/wp-content\/uploads\/2022\/06\/tn_IMG_1009_bearbeitet.jpg 597w, https:\/\/www.sagesontour.ch\/wp-content\/uploads\/2022\/06\/tn_IMG_1009_bearbeitet-300x171.jpg 300w\" sizes=\"(max-width: 597px) 100vw, 597px\" \/><\/a><\/div><div class=\"advgb-post-wrapper\"><h2 class=\"advgb-post-title\"><a href=\"https:\/\/www.sagesontour.ch\/?p=2703\">Sonntag, 05. Juni 2022<\/a><\/h2><div class=\"advgb-post-content\"><div class=\"advgb-post-excerpt\">In der Nacht kam endlich der ersehnte Regen f\u00fcr die Region. Daher ist es am Morgen sehr neblig und man k\u00f6nnte meinen, dass die Berge geklaut wurden. N<\/div><div class=\"advgb-post-readmore\"><a href=\"https:\/\/www.sagesontour.ch\/?p=2703\">Weiterlesen<\/a><\/div><\/div><\/div><\/article><article class=\"advgb-recent-post\"><div class=\"advgb-post-thumbnail\"><a href=\"https:\/\/www.sagesontour.ch\/?p=2727\"><img loading=\"lazy\" decoding=\"async\" width=\"477\" height=\"340\" src=\"https:\/\/www.sagesontour.ch\/wp-content\/uploads\/2022\/06\/tn_IMG_1034_bearbeitet.jpg\" class=\"attachment-large size-large\" alt=\"\" srcset=\"https:\/\/www.sagesontour.ch\/wp-content\/uploads\/2022\/06\/tn_IMG_1034_bearbeitet.jpg 477w, https:\/\/www.sagesontour.ch\/wp-content\/uploads\/2022\/06\/tn_IMG_1034_bearbeitet-300x214.jpg 300w\" sizes=\"(max-width: 477px) 100vw, 477px\" \/><\/a><\/div><div class=\"advgb-post-wrapper\"><h2 class=\"advgb-post-title\"><a href=\"https:\/\/www.sagesontour.ch\/?p=2727\">Montag, 06. Juni 2022<\/a><\/h2><div class=\"advgb-post-content\"><div class=\"advgb-post-excerpt\">Wir nehmen Abschied von Barbara und Marco und machen uns auf den langen Weg zur\u00fcck nach Kalifornien. Die Berge rund um Canmore bieten uns einen ganz f<\/div><div class=\"advgb-post-readmore\"><a href=\"https:\/\/www.sagesontour.ch\/?p=2727\">Weiterlesen<\/a><\/div><\/div><\/div><\/article><article class=\"advgb-recent-post\"><div class=\"advgb-post-thumbnail\"><a href=\"https:\/\/www.sagesontour.ch\/?p=2741\"><img loading=\"lazy\" decoding=\"async\" width=\"510\" height=\"340\" src=\"https:\/\/www.sagesontour.ch\/wp-content\/uploads\/2022\/06\/tn_IMG_1066_bearbeitet.jpg\" class=\"attachment-large size-large\" alt=\"\" srcset=\"https:\/\/www.sagesontour.ch\/wp-content\/uploads\/2022\/06\/tn_IMG_1066_bearbeitet.jpg 510w, https:\/\/www.sagesontour.ch\/wp-content\/uploads\/2022\/06\/tn_IMG_1066_bearbeitet-300x200.jpg 300w\" sizes=\"(max-width: 510px) 100vw, 510px\" \/><\/a><\/div><div class=\"advgb-post-wrapper\"><h2 class=\"advgb-post-title\"><a href=\"https:\/\/www.sagesontour.ch\/?p=2741\">Dienstag, 07. Juni 2022<\/a><\/h2><div class=\"advgb-post-content\"><div class=\"advgb-post-excerpt\">Wie gestern klingelt der Wecker um 4.55 Uhr. Raus aus den Betten und ab ins Auto; ein paar Kilometer sind noch zu bew\u00e4ltigen. Nachdem wir getankt sowi<\/div><div class=\"advgb-post-readmore\"><a href=\"https:\/\/www.sagesontour.ch\/?p=2741\">Weiterlesen<\/a><\/div><\/div><\/div><\/article><article class=\"advgb-recent-post\"><div class=\"advgb-post-thumbnail\"><a href=\"https:\/\/www.sagesontour.ch\/?p=2763\"><img loading=\"lazy\" decoding=\"async\" width=\"450\" height=\"340\" src=\"https:\/\/www.sagesontour.ch\/wp-content\/uploads\/2022\/06\/tn_IMG_1135_bearbeitet.jpg\" class=\"attachment-large size-large\" alt=\"\" srcset=\"https:\/\/www.sagesontour.ch\/wp-content\/uploads\/2022\/06\/tn_IMG_1135_bearbeitet.jpg 450w, https:\/\/www.sagesontour.ch\/wp-content\/uploads\/2022\/06\/tn_IMG_1135_bearbeitet-300x227.jpg 300w\" sizes=\"(max-width: 450px) 100vw, 450px\" \/><\/a><\/div><div class=\"advgb-post-wrapper\"><h2 class=\"advgb-post-title\"><a href=\"https:\/\/www.sagesontour.ch\/?p=2763\">Mittwoch, 08. Juni 2022<\/a><\/h2><div class=\"advgb-post-content\"><div class=\"advgb-post-excerpt\">Den Tag beginnen wir mit einem kleinen Spaziergang durch das h\u00fcbsche Carmel-by-the-Sea. Hier haben viele bekannte Schriftsteller unter anderem Ernest <\/div><div class=\"advgb-post-readmore\"><a href=\"https:\/\/www.sagesontour.ch\/?p=2763\">Weiterlesen<\/a><\/div><\/div><\/div><\/article><article class=\"advgb-recent-post\"><div class=\"advgb-post-thumbnail\"><a href=\"https:\/\/www.sagesontour.ch\/?p=2772\"><img loading=\"lazy\" decoding=\"async\" width=\"453\" height=\"340\" src=\"https:\/\/www.sagesontour.ch\/wp-content\/uploads\/2022\/06\/tn_20220609_140641.jpg\" class=\"attachment-large size-large\" alt=\"\" srcset=\"https:\/\/www.sagesontour.ch\/wp-content\/uploads\/2022\/06\/tn_20220609_140641.jpg 453w, https:\/\/www.sagesontour.ch\/wp-content\/uploads\/2022\/06\/tn_20220609_140641-300x225.jpg 300w\" sizes=\"(max-width: 453px) 100vw, 453px\" \/><\/a><\/div><div class=\"advgb-post-wrapper\"><h2 class=\"advgb-post-title\"><a href=\"https:\/\/www.sagesontour.ch\/?p=2772\">Donnerstag, 09. Juni 2022<\/a><\/h2><div class=\"advgb-post-content\"><div class=\"advgb-post-excerpt\">Wir bummeln durch das sehr h\u00fcbsche Santa Barbara. Die State Street ist autofrei und so k\u00f6nnen wir unbeschwert flanieren. Lediglich auf ein paar Velofa<\/div><div class=\"advgb-post-readmore\"><a href=\"https:\/\/www.sagesontour.ch\/?p=2772\">Weiterlesen<\/a><\/div><\/div><\/div><\/article><article class=\"advgb-recent-post\"><div class=\"advgb-post-thumbnail\"><a href=\"https:\/\/www.sagesontour.ch\/?p=2797\"><img loading=\"lazy\" decoding=\"async\" width=\"600\" height=\"324\" src=\"https:\/\/www.sagesontour.ch\/wp-content\/uploads\/2022\/06\/tn_IMG_1407_bearbeitet.jpg\" class=\"attachment-large size-large\" alt=\"\" srcset=\"https:\/\/www.sagesontour.ch\/wp-content\/uploads\/2022\/06\/tn_IMG_1407_bearbeitet.jpg 600w, https:\/\/www.sagesontour.ch\/wp-content\/uploads\/2022\/06\/tn_IMG_1407_bearbeitet-300x162.jpg 300w\" sizes=\"(max-width: 600px) 100vw, 600px\" \/><\/a><\/div><div class=\"advgb-post-wrapper\"><h2 class=\"advgb-post-title\"><a href=\"https:\/\/www.sagesontour.ch\/?p=2797\">Freitag, 10. Juni 2022<\/a><\/h2><div class=\"advgb-post-content\"><div class=\"advgb-post-excerpt\">Wir haben f\u00fcr Los Angeles nur einen Tag geplant und daher starten wir diesen mit der Sightseeingtour nach Santa Monica. Daf\u00fcr fahren wir mit dem Bus n<\/div><div class=\"advgb-post-readmore\"><a href=\"https:\/\/www.sagesontour.ch\/?p=2797\">Weiterlesen<\/a><\/div><\/div><\/div><\/article><article class=\"advgb-recent-post\"><div class=\"advgb-post-thumbnail\"><a href=\"https:\/\/www.sagesontour.ch\/?p=2803\"><img loading=\"lazy\" decoding=\"async\" width=\"507\" height=\"340\" src=\"https:\/\/www.sagesontour.ch\/wp-content\/uploads\/2022\/06\/tn_IMG_1490_bearbeitet.jpg\" class=\"attachment-large size-large\" alt=\"\" srcset=\"https:\/\/www.sagesontour.ch\/wp-content\/uploads\/2022\/06\/tn_IMG_1490_bearbeitet.jpg 507w, https:\/\/www.sagesontour.ch\/wp-content\/uploads\/2022\/06\/tn_IMG_1490_bearbeitet-300x201.jpg 300w\" sizes=\"(max-width: 507px) 100vw, 507px\" \/><\/a><\/div><div class=\"advgb-post-wrapper\"><h2 class=\"advgb-post-title\"><a href=\"https:\/\/www.sagesontour.ch\/?p=2803\">Samstag, 11. Juni 2022<\/a><\/h2><div class=\"advgb-post-content\"><div class=\"advgb-post-excerpt\">Heute wird es ein langer Tag. Der Wecker l\u00e4utet bereits um 5.30 Uhr. Wir packen und verlassen das Hotel. Erster Stopp ist das Griffith-Observatorium.\u00a0<\/div><div class=\"advgb-post-readmore\"><a href=\"https:\/\/www.sagesontour.ch\/?p=2803\">Weiterlesen<\/a><\/div><\/div><\/div><\/article><article class=\"advgb-recent-post\"><div class=\"advgb-post-thumbnail\"><a href=\"https:\/\/www.sagesontour.ch\/?p=2817\"><img loading=\"lazy\" decoding=\"async\" width=\"510\" height=\"340\" src=\"https:\/\/www.sagesontour.ch\/wp-content\/uploads\/2022\/06\/tn_IMG_1748_bearbeitet.jpg\" class=\"attachment-large size-large\" alt=\"\" srcset=\"https:\/\/www.sagesontour.ch\/wp-content\/uploads\/2022\/06\/tn_IMG_1748_bearbeitet.jpg 510w, https:\/\/www.sagesontour.ch\/wp-content\/uploads\/2022\/06\/tn_IMG_1748_bearbeitet-300x200.jpg 300w\" sizes=\"(max-width: 510px) 100vw, 510px\" \/><\/a><\/div><div class=\"advgb-post-wrapper\"><h2 class=\"advgb-post-title\"><a href=\"https:\/\/www.sagesontour.ch\/?p=2817\">Sonntag, 12. Juni 2022<\/a><\/h2><div class=\"advgb-post-content\"><div class=\"advgb-post-excerpt\">Entgegen den Wettervorhersagen,, es sei heute neblig und k\u00fchl, ist es sonnig und warm, vor allem auch an der K\u00fcste. Nachdem wir ausgecheckt haben, fah<\/div><div class=\"advgb-post-readmore\"><a href=\"https:\/\/www.sagesontour.ch\/?p=2817\">Weiterlesen<\/a><\/div><\/div><\/div><\/article><\/div><\/div>","protected":false},"excerpt":{"rendered":"<p>Lake Tahoe, Yellowstone Nationalpark, Joshua Tree Nationalpark, Mojave National Preserve, Grand Canyon, Bryce Canyon Nationalpark, Desert Valley und zwischendurch noch ein wenig Canada, LA, San Diego und San Francisco Nach vier Jahren konnten wir endlich wieder ein Flugzeug besteigen und gen Westen fliegen. Im Jahr 2020 wollten wir bereits mal wieder einen Abstecher zu Barbara und Marco in Canada unternehmen. Doch dann kam COVID und die Welt stand still. Daher machen wir den Abstecher nach Canmore. Eigentlich wollten wir Marco \u00fcberraschen. Allerdings hat er es kurz bevor wir ankamen, herausgefunden.\u00a0<\/p>\n","protected":false},"author":1,"featured_media":0,"parent":0,"menu_order":0,"comment_status":"closed","ping_status":"closed","template":"","meta":{"advgb_blocks_editor_width":"","advgb_blocks_columns_visual_guide":"","ghostkit_customizer_options":"","ghostkit_custom_css":"","ghostkit_custom_js_head":"","ghostkit_custom_js_foot":"","ghostkit_typography":"","footnotes":""},"class_list":["post-3137","page","type-page","status-publish","hentry"],"coauthors":[],"author_meta":{"author_link":"https:\/\/www.sagesontour.ch\/?author=1","display_name":"sagesontour.ch"},"relative_dates":{"created":"Posted 4\u00a0Jahren ago","modified":"Updated 4\u00a0Jahren ago"},"absolute_dates":{"created":"Posted on Juli 13, 2022","modified":"Updated on Juli 13, 2022"},"absolute_dates_time":{"created":"Posted on Juli 13, 2022 7:50 a.m.","modified":"Updated on Juli 13, 2022 8:24 a.m."},"featured_img_caption":"","featured_img":false,"series_order":"","acf":[],"_links":{"self":[{"href":"https:\/\/www.sagesontour.ch\/index.php?rest_route=\/wp\/v2\/pages\/3137","targetHints":{"allow":["GET"]}}],"collection":[{"href":"https:\/\/www.sagesontour.ch\/index.php?rest_route=\/wp\/v2\/pages"}],"about":[{"href":"https:\/\/www.sagesontour.ch\/index.php?rest_route=\/wp\/v2\/types\/page"}],"author":[{"embeddable":true,"href":"https:\/\/www.sagesontour.ch\/index.php?rest_route=\/wp\/v2\/users\/1"}],"replies":[{"embeddable":true,"href":"https:\/\/www.sagesontour.ch\/index.php?rest_route=%2Fwp%2Fv2%2Fcomments&post=3137"}],"version-history":[{"count":4,"href":"https:\/\/www.sagesontour.ch\/index.php?rest_route=\/wp\/v2\/pages\/3137\/revisions"}],"predecessor-version":[{"id":3148,"href":"https:\/\/www.sagesontour.ch\/index.php?rest_route=\/wp\/v2\/pages\/3137\/revisions\/3148"}],"wp:attachment":[{"href":"https:\/\/www.sagesontour.ch\/index.php?rest_route=%2Fwp%2Fv2%2Fmedia&parent=3137"}],"curies":[{"name":"wp","href":"https:\/\/api.w.org\/{rel}","templated":true}]}}