{"id":29,"date":"2014-06-29T06:53:43","date_gmt":"2014-06-29T06:53:43","guid":{"rendered":"https:\/\/www.sagesontour.ch\/?page_id=29"},"modified":"2022-05-21T16:35:05","modified_gmt":"2022-05-21T16:35:05","slug":"usa-canada-2014","status":"publish","type":"page","link":"https:\/\/www.sagesontour.ch\/?page_id=29","title":{"rendered":"USA &#038; Canada 2014"},"content":{"rendered":"<h3 style=\"text-align: center;\">Unser Trip an die Westk\u00fcste der USA vom 30. Juli bis 27. August 2014<\/h3>\n<p>Unsere Reise im 2014 f\u00fchrte uns zun\u00e4chst in die USA, genauer gesagt, an die Westk\u00fcste. Wir verbrachten ein paar sch\u00f6ne Tage auf dem Highway 1 bis Monterey. Ausserdem machten wir einen l\u00e4ngeren Stopp in San Francisco, ehe es dann wieder zur\u00fcck nach Canada ging, wo wir Marco und Barbara besuchten und mit ihnen die Ferien in Vancouver beendeten.&nbsp;<\/p>\n<p><\/p>\n\n<div class=\"advgb-recent-posts-block grid-view columns-2 recent-posts-47cd39e5-8cba-47c3-9014-e5088a4e078a\"><div class=\"advgb-recent-posts\"><article class=\"advgb-recent-post\"><div class=\"advgb-post-thumbnail\"><a href=\"https:\/\/www.sagesontour.ch\/?p=1405\"><img fetchpriority=\"high\" decoding=\"async\" width=\"600\" height=\"338\" src=\"https:\/\/www.sagesontour.ch\/wp-content\/uploads\/2022\/05\/tn_1.jpg\" class=\"attachment-large size-large\" alt=\"\" srcset=\"https:\/\/www.sagesontour.ch\/wp-content\/uploads\/2022\/05\/tn_1.jpg 600w, https:\/\/www.sagesontour.ch\/wp-content\/uploads\/2022\/05\/tn_1-300x169.jpg 300w, https:\/\/www.sagesontour.ch\/wp-content\/uploads\/2022\/05\/tn_1-480x270.jpg 480w\" sizes=\"(max-width: 600px) 100vw, 600px\" \/><\/a><\/div><div class=\"advgb-post-wrapper\"><h2 class=\"advgb-post-title\"><a href=\"https:\/\/www.sagesontour.ch\/?p=1405\">Mittwoch, 30. Juli 2014<\/a><\/h2><div class=\"advgb-post-content\"><div class=\"advgb-post-excerpt\">Endlich ist es soweit! Wer h\u00e4tte noch vor einem Monat gedacht, dass wir heute wirklich den Flieger nach Vancouver mit Zwischenstopp in M\u00fcnchen besteig<\/div><div class=\"advgb-post-readmore\"><a href=\"https:\/\/www.sagesontour.ch\/?p=1405\">Weiterlesen<\/a><\/div><\/div><\/div><\/article><article class=\"advgb-recent-post\"><div class=\"advgb-post-thumbnail\"><a href=\"https:\/\/www.sagesontour.ch\/?p=1426\"><img decoding=\"async\" width=\"445\" height=\"340\" src=\"https:\/\/www.sagesontour.ch\/wp-content\/uploads\/2022\/05\/tn_5.jpg\" class=\"attachment-large size-large\" alt=\"\" srcset=\"https:\/\/www.sagesontour.ch\/wp-content\/uploads\/2022\/05\/tn_5.jpg 445w, https:\/\/www.sagesontour.ch\/wp-content\/uploads\/2022\/05\/tn_5-300x229.jpg 300w\" sizes=\"(max-width: 445px) 100vw, 445px\" \/><\/a><\/div><div class=\"advgb-post-wrapper\"><h2 class=\"advgb-post-title\"><a href=\"https:\/\/www.sagesontour.ch\/?p=1426\">Donnerstag, 31. Juli 2014<\/a><\/h2><div class=\"advgb-post-content\"><div class=\"advgb-post-excerpt\">Der Wecker klingelt 3:30 Uhr erbarmungslos! Obwohl die Nacht kurz war, sind wir doch fit. Fit genug, um p\u00fcnktlich 4:30 Uhr an der Central Pacific Stat<\/div><div class=\"advgb-post-readmore\"><a href=\"https:\/\/www.sagesontour.ch\/?p=1426\">Weiterlesen<\/a><\/div><\/div><\/div><\/article><article class=\"advgb-recent-post\"><div class=\"advgb-post-thumbnail\"><a href=\"https:\/\/www.sagesontour.ch\/?p=1439\"><img decoding=\"async\" width=\"510\" height=\"340\" src=\"https:\/\/www.sagesontour.ch\/wp-content\/uploads\/2022\/05\/tn_9.jpg\" class=\"attachment-large size-large\" alt=\"\" srcset=\"https:\/\/www.sagesontour.ch\/wp-content\/uploads\/2022\/05\/tn_9.jpg 510w, https:\/\/www.sagesontour.ch\/wp-content\/uploads\/2022\/05\/tn_9-300x200.jpg 300w\" sizes=\"(max-width: 510px) 100vw, 510px\" \/><\/a><\/div><div class=\"advgb-post-wrapper\"><h2 class=\"advgb-post-title\"><a href=\"https:\/\/www.sagesontour.ch\/?p=1439\">Freitag, 1. August 2014<\/a><\/h2><div class=\"advgb-post-content\"><div class=\"advgb-post-excerpt\">Das Wetter ist f\u00fcr unseren heutigen K\u00fcstenausflug nicht optimal. Es ist neblig und es windet sehr. Somit wechseln sich blauer Himmel und Nebel ab. Gew<\/div><div class=\"advgb-post-readmore\"><a href=\"https:\/\/www.sagesontour.ch\/?p=1439\">Weiterlesen<\/a><\/div><\/div><\/div><\/article><article class=\"advgb-recent-post\"><div class=\"advgb-post-thumbnail\"><a href=\"https:\/\/www.sagesontour.ch\/?p=1451\"><img loading=\"lazy\" decoding=\"async\" width=\"510\" height=\"340\" src=\"https:\/\/www.sagesontour.ch\/wp-content\/uploads\/2022\/05\/tn_13.jpg\" class=\"attachment-large size-large\" alt=\"\" srcset=\"https:\/\/www.sagesontour.ch\/wp-content\/uploads\/2022\/05\/tn_13.jpg 510w, https:\/\/www.sagesontour.ch\/wp-content\/uploads\/2022\/05\/tn_13-300x200.jpg 300w\" sizes=\"(max-width: 510px) 100vw, 510px\" \/><\/a><\/div><div class=\"advgb-post-wrapper\"><h2 class=\"advgb-post-title\"><a href=\"https:\/\/www.sagesontour.ch\/?p=1451\">Samstag, 2. August 2014<\/a><\/h2><div class=\"advgb-post-content\"><div class=\"advgb-post-excerpt\">Heute Morgen ist es wiederum sehr neblig; es nutzt nichts, wir verlassen 8:30 Uhr den h\u00fcbschen Pelican Shores Inn und fahren auf der 101 s\u00fcdw\u00e4rts. Ein<\/div><div class=\"advgb-post-readmore\"><a href=\"https:\/\/www.sagesontour.ch\/?p=1451\">Weiterlesen<\/a><\/div><\/div><\/div><\/article><article class=\"advgb-recent-post\"><div class=\"advgb-post-thumbnail\"><a href=\"https:\/\/www.sagesontour.ch\/?p=1457\"><img loading=\"lazy\" decoding=\"async\" width=\"510\" height=\"340\" src=\"https:\/\/www.sagesontour.ch\/wp-content\/uploads\/2022\/05\/tn_17.jpg\" class=\"attachment-large size-large\" alt=\"\" srcset=\"https:\/\/www.sagesontour.ch\/wp-content\/uploads\/2022\/05\/tn_17.jpg 510w, https:\/\/www.sagesontour.ch\/wp-content\/uploads\/2022\/05\/tn_17-300x200.jpg 300w\" sizes=\"(max-width: 510px) 100vw, 510px\" \/><\/a><\/div><div class=\"advgb-post-wrapper\"><h2 class=\"advgb-post-title\"><a href=\"https:\/\/www.sagesontour.ch\/?p=1457\">Sonntag, 3. August 2014<\/a><\/h2><div class=\"advgb-post-content\"><div class=\"advgb-post-excerpt\">Wir erwachen &#8211; nach gef\u00fchlten 10 Schachteln Zigaretten, die wir passiv geraucht haben &#8211; sehr fr\u00fch. Es h\u00e4lt uns nichts mehr in diesem Motel und so habe<\/div><div class=\"advgb-post-readmore\"><a href=\"https:\/\/www.sagesontour.ch\/?p=1457\">Weiterlesen<\/a><\/div><\/div><\/div><\/article><article class=\"advgb-recent-post\"><div class=\"advgb-post-thumbnail\"><a href=\"https:\/\/www.sagesontour.ch\/?p=1465\"><img loading=\"lazy\" decoding=\"async\" width=\"510\" height=\"340\" src=\"https:\/\/www.sagesontour.ch\/wp-content\/uploads\/2022\/05\/tn_21.jpg\" class=\"attachment-large size-large\" alt=\"\" srcset=\"https:\/\/www.sagesontour.ch\/wp-content\/uploads\/2022\/05\/tn_21.jpg 510w, https:\/\/www.sagesontour.ch\/wp-content\/uploads\/2022\/05\/tn_21-300x200.jpg 300w\" sizes=\"(max-width: 510px) 100vw, 510px\" \/><\/a><\/div><div class=\"advgb-post-wrapper\"><h2 class=\"advgb-post-title\"><a href=\"https:\/\/www.sagesontour.ch\/?p=1465\">Montag, 4. August 2014<\/a><\/h2><div class=\"advgb-post-content\"><div class=\"advgb-post-excerpt\">Heute Morgen f\u00fchrt unser Weg erst einmal zur Autovermietung. Seit gestern leuchtet es rot im Cockpit &#8222;Change oil soon&#8220;. Es ist viel los in der Mietsta<\/div><div class=\"advgb-post-readmore\"><a href=\"https:\/\/www.sagesontour.ch\/?p=1465\">Weiterlesen<\/a><\/div><\/div><\/div><\/article><article class=\"advgb-recent-post\"><div class=\"advgb-post-thumbnail\"><a href=\"https:\/\/www.sagesontour.ch\/?p=1472\"><img loading=\"lazy\" decoding=\"async\" width=\"510\" height=\"340\" src=\"https:\/\/www.sagesontour.ch\/wp-content\/uploads\/2022\/05\/tn_25.jpg\" class=\"attachment-large size-large\" alt=\"\" srcset=\"https:\/\/www.sagesontour.ch\/wp-content\/uploads\/2022\/05\/tn_25.jpg 510w, https:\/\/www.sagesontour.ch\/wp-content\/uploads\/2022\/05\/tn_25-300x200.jpg 300w\" sizes=\"(max-width: 510px) 100vw, 510px\" \/><\/a><\/div><div class=\"advgb-post-wrapper\"><h2 class=\"advgb-post-title\"><a href=\"https:\/\/www.sagesontour.ch\/?p=1472\">Dienstag, 5. August 2014<\/a><\/h2><div class=\"advgb-post-content\"><div class=\"advgb-post-excerpt\">Wir starten mit einer Sightseeing Tour. Die Tour f\u00fchrt uns vorbei an der imposanten City Hall, den h\u00fcbschen viktorianischen H\u00e4usern am Alamo Square, d<\/div><div class=\"advgb-post-readmore\"><a href=\"https:\/\/www.sagesontour.ch\/?p=1472\">Weiterlesen<\/a><\/div><\/div><\/div><\/article><article class=\"advgb-recent-post\"><div class=\"advgb-post-thumbnail\"><a href=\"https:\/\/www.sagesontour.ch\/?p=1480\"><img loading=\"lazy\" decoding=\"async\" width=\"510\" height=\"340\" src=\"https:\/\/www.sagesontour.ch\/wp-content\/uploads\/2022\/05\/tn_29.jpg\" class=\"attachment-large size-large\" alt=\"\" srcset=\"https:\/\/www.sagesontour.ch\/wp-content\/uploads\/2022\/05\/tn_29.jpg 510w, https:\/\/www.sagesontour.ch\/wp-content\/uploads\/2022\/05\/tn_29-300x200.jpg 300w\" sizes=\"(max-width: 510px) 100vw, 510px\" \/><\/a><\/div><div class=\"advgb-post-wrapper\"><h2 class=\"advgb-post-title\"><a href=\"https:\/\/www.sagesontour.ch\/?p=1480\">Mittwoch, 6. August 2014<\/a><\/h2><div class=\"advgb-post-content\"><div class=\"advgb-post-excerpt\">Die Sache mit den Hippies schauen wir uns heute genauer an. Wir fahren mit der Linie 71 in die Haight Street. Im People&#8217;s Caf\u00e9 st\u00e4rken wir uns, damit <\/div><div class=\"advgb-post-readmore\"><a href=\"https:\/\/www.sagesontour.ch\/?p=1480\">Weiterlesen<\/a><\/div><\/div><\/div><\/article><article class=\"advgb-recent-post\"><div class=\"advgb-post-thumbnail\"><a href=\"https:\/\/www.sagesontour.ch\/?p=1488\"><img loading=\"lazy\" decoding=\"async\" width=\"476\" height=\"340\" src=\"https:\/\/www.sagesontour.ch\/wp-content\/uploads\/2022\/05\/tn_33.jpg\" class=\"attachment-large size-large\" alt=\"\" srcset=\"https:\/\/www.sagesontour.ch\/wp-content\/uploads\/2022\/05\/tn_33.jpg 476w, https:\/\/www.sagesontour.ch\/wp-content\/uploads\/2022\/05\/tn_33-300x214.jpg 300w\" sizes=\"(max-width: 476px) 100vw, 476px\" \/><\/a><\/div><div class=\"advgb-post-wrapper\"><h2 class=\"advgb-post-title\"><a href=\"https:\/\/www.sagesontour.ch\/?p=1488\">Donnerstag, 7. August 2014<\/a><\/h2><div class=\"advgb-post-content\"><div class=\"advgb-post-excerpt\">Eigentlich wollten wir heute mit dem Velo die Golden Gate Bridge \u00fcberqueren, aber das kalifornische Wetter meint es nicht gut mit uns. Es ist zwar tro<\/div><div class=\"advgb-post-readmore\"><a href=\"https:\/\/www.sagesontour.ch\/?p=1488\">Weiterlesen<\/a><\/div><\/div><\/div><\/article><article class=\"advgb-recent-post\"><div class=\"advgb-post-thumbnail\"><a href=\"https:\/\/www.sagesontour.ch\/?p=1495\"><img loading=\"lazy\" decoding=\"async\" width=\"510\" height=\"340\" src=\"https:\/\/www.sagesontour.ch\/wp-content\/uploads\/2022\/05\/tn_36.jpg\" class=\"attachment-large size-large\" alt=\"\" srcset=\"https:\/\/www.sagesontour.ch\/wp-content\/uploads\/2022\/05\/tn_36.jpg 510w, https:\/\/www.sagesontour.ch\/wp-content\/uploads\/2022\/05\/tn_36-300x200.jpg 300w\" sizes=\"(max-width: 510px) 100vw, 510px\" \/><\/a><\/div><div class=\"advgb-post-wrapper\"><h2 class=\"advgb-post-title\"><a href=\"https:\/\/www.sagesontour.ch\/?p=1495\">Freitag, 8. August 2014<\/a><\/h2><div class=\"advgb-post-content\"><div class=\"advgb-post-excerpt\">Wir verlassen San Francisco nicht, bevor wir die Lombard Street hinunterfahren. Die kurvenreichste Strasse der Welt lockt schon fr\u00fch um 8:00 Uhr japan<\/div><div class=\"advgb-post-readmore\"><a href=\"https:\/\/www.sagesontour.ch\/?p=1495\">Weiterlesen<\/a><\/div><\/div><\/div><\/article><article class=\"advgb-recent-post\"><div class=\"advgb-post-thumbnail\"><a href=\"https:\/\/www.sagesontour.ch\/?p=1504\"><img loading=\"lazy\" decoding=\"async\" width=\"510\" height=\"340\" src=\"https:\/\/www.sagesontour.ch\/wp-content\/uploads\/2022\/05\/tn_40.jpg\" class=\"attachment-large size-large\" alt=\"\" srcset=\"https:\/\/www.sagesontour.ch\/wp-content\/uploads\/2022\/05\/tn_40.jpg 510w, https:\/\/www.sagesontour.ch\/wp-content\/uploads\/2022\/05\/tn_40-300x200.jpg 300w\" sizes=\"(max-width: 510px) 100vw, 510px\" \/><\/a><\/div><div class=\"advgb-post-wrapper\"><h2 class=\"advgb-post-title\"><a href=\"https:\/\/www.sagesontour.ch\/?p=1504\">Samstag, 9. August 2014<\/a><\/h2><div class=\"advgb-post-content\"><div class=\"advgb-post-excerpt\">Bereits fr\u00fch um 8:00 Uhr sind wir auf dem 17 Miles Drive rund um die Monterey Peninsula. Bei nebligem Wetter erleben wir den Lover&#8217;s Point, Bird&#8217;s Roc<\/div><div class=\"advgb-post-readmore\"><a href=\"https:\/\/www.sagesontour.ch\/?p=1504\">Weiterlesen<\/a><\/div><\/div><\/div><\/article><article class=\"advgb-recent-post\"><div class=\"advgb-post-thumbnail\"><a href=\"https:\/\/www.sagesontour.ch\/?p=1514\"><img loading=\"lazy\" decoding=\"async\" width=\"505\" height=\"340\" src=\"https:\/\/www.sagesontour.ch\/wp-content\/uploads\/2022\/05\/tn_44.jpg\" class=\"attachment-large size-large\" alt=\"\" srcset=\"https:\/\/www.sagesontour.ch\/wp-content\/uploads\/2022\/05\/tn_44.jpg 505w, https:\/\/www.sagesontour.ch\/wp-content\/uploads\/2022\/05\/tn_44-300x202.jpg 300w\" sizes=\"(max-width: 505px) 100vw, 505px\" \/><\/a><\/div><div class=\"advgb-post-wrapper\"><h2 class=\"advgb-post-title\"><a href=\"https:\/\/www.sagesontour.ch\/?p=1514\">Sonntag, 10. August 2014<\/a><\/h2><div class=\"advgb-post-content\"><div class=\"advgb-post-excerpt\">Das Wetter, es wird immer besser; heute Morgen Nieselregen! Aber das schreckt uns nicht ab, um 10:00 Uhr auf Whale Watching Tour zu gehen. Wir haben b<\/div><div class=\"advgb-post-readmore\"><a href=\"https:\/\/www.sagesontour.ch\/?p=1514\">Weiterlesen<\/a><\/div><\/div><\/div><\/article><article class=\"advgb-recent-post\"><div class=\"advgb-post-thumbnail\"><a href=\"https:\/\/www.sagesontour.ch\/?p=1522\"><img loading=\"lazy\" decoding=\"async\" width=\"562\" height=\"340\" src=\"https:\/\/www.sagesontour.ch\/wp-content\/uploads\/2022\/05\/tn_48.jpg\" class=\"attachment-large size-large\" alt=\"\" srcset=\"https:\/\/www.sagesontour.ch\/wp-content\/uploads\/2022\/05\/tn_48.jpg 562w, https:\/\/www.sagesontour.ch\/wp-content\/uploads\/2022\/05\/tn_48-300x181.jpg 300w\" sizes=\"(max-width: 562px) 100vw, 562px\" \/><\/a><\/div><div class=\"advgb-post-wrapper\"><h2 class=\"advgb-post-title\"><a href=\"https:\/\/www.sagesontour.ch\/?p=1522\">Montag, 11. August 2014<\/a><\/h2><div class=\"advgb-post-content\"><div class=\"advgb-post-excerpt\">Auf geht&#8217;s nach Portland, 300 Meilen Interstate 5! That sucks! Wobei die Fahrt doch abwechslungsreich ist, mal gibt es W\u00e4lder, dann mal wieder Berge u<\/div><div class=\"advgb-post-readmore\"><a href=\"https:\/\/www.sagesontour.ch\/?p=1522\">Weiterlesen<\/a><\/div><\/div><\/div><\/article><article class=\"advgb-recent-post\"><div class=\"advgb-post-thumbnail\"><a href=\"https:\/\/www.sagesontour.ch\/?p=1531\"><img loading=\"lazy\" decoding=\"async\" width=\"510\" height=\"340\" src=\"https:\/\/www.sagesontour.ch\/wp-content\/uploads\/2022\/05\/tn_52.jpg\" class=\"attachment-large size-large\" alt=\"\" srcset=\"https:\/\/www.sagesontour.ch\/wp-content\/uploads\/2022\/05\/tn_52.jpg 510w, https:\/\/www.sagesontour.ch\/wp-content\/uploads\/2022\/05\/tn_52-300x200.jpg 300w\" sizes=\"(max-width: 510px) 100vw, 510px\" \/><\/a><\/div><div class=\"advgb-post-wrapper\"><h2 class=\"advgb-post-title\"><a href=\"https:\/\/www.sagesontour.ch\/?p=1531\">Dienstag, 12. August 2014<\/a><\/h2><div class=\"advgb-post-content\"><div class=\"advgb-post-excerpt\">Kleiner Nachtrag zum gestrigen Abend in Portland. Wir haben erfahren, dass die 40 Grad vom Vortag \u00e4usserst selten sind in Portland und somit waren die<\/div><div class=\"advgb-post-readmore\"><a href=\"https:\/\/www.sagesontour.ch\/?p=1531\">Weiterlesen<\/a><\/div><\/div><\/div><\/article><article class=\"advgb-recent-post\"><div class=\"advgb-post-thumbnail\"><a href=\"https:\/\/www.sagesontour.ch\/?p=1539\"><img loading=\"lazy\" decoding=\"async\" width=\"505\" height=\"340\" src=\"https:\/\/www.sagesontour.ch\/wp-content\/uploads\/2022\/05\/tn_56.jpg\" class=\"attachment-large size-large\" alt=\"\" srcset=\"https:\/\/www.sagesontour.ch\/wp-content\/uploads\/2022\/05\/tn_56.jpg 505w, https:\/\/www.sagesontour.ch\/wp-content\/uploads\/2022\/05\/tn_56-300x202.jpg 300w\" sizes=\"(max-width: 505px) 100vw, 505px\" \/><\/a><\/div><div class=\"advgb-post-wrapper\"><h2 class=\"advgb-post-title\"><a href=\"https:\/\/www.sagesontour.ch\/?p=1539\">Mittwoch, 13. August 2014<\/a><\/h2><div class=\"advgb-post-content\"><div class=\"advgb-post-excerpt\">Am Morgen, nach dem Packen geht&#8217;s zur\u00fcck auf die Interstate 5. Seattle ist unser n\u00e4chster Halt. Wir kommen gegen Mittag an und beziehen diesmal gleich<\/div><div class=\"advgb-post-readmore\"><a href=\"https:\/\/www.sagesontour.ch\/?p=1539\">Weiterlesen<\/a><\/div><\/div><\/div><\/article><article class=\"advgb-recent-post\"><div class=\"advgb-post-thumbnail\"><a href=\"https:\/\/www.sagesontour.ch\/?p=1572\"><img loading=\"lazy\" decoding=\"async\" width=\"508\" height=\"340\" src=\"https:\/\/www.sagesontour.ch\/wp-content\/uploads\/2022\/05\/tn_60.jpg\" class=\"attachment-large size-large\" alt=\"\" srcset=\"https:\/\/www.sagesontour.ch\/wp-content\/uploads\/2022\/05\/tn_60.jpg 508w, https:\/\/www.sagesontour.ch\/wp-content\/uploads\/2022\/05\/tn_60-300x201.jpg 300w\" sizes=\"(max-width: 508px) 100vw, 508px\" \/><\/a><\/div><div class=\"advgb-post-wrapper\"><h2 class=\"advgb-post-title\"><a href=\"https:\/\/www.sagesontour.ch\/?p=1572\">Donnerstag, 14. August und Freitag, 15. August 2014<\/a><\/h2><div class=\"advgb-post-content\"><div class=\"advgb-post-excerpt\">Am heutigen Donnerstag geben wir zun\u00e4chst das Auto ab. Nachdem alle Koffer und Taschen bei Barbara im Auto verstaut sind, fahren wir wiederum auf die <\/div><div class=\"advgb-post-readmore\"><a href=\"https:\/\/www.sagesontour.ch\/?p=1572\">Weiterlesen<\/a><\/div><\/div><\/div><\/article><article class=\"advgb-recent-post\"><div class=\"advgb-post-thumbnail\"><a href=\"https:\/\/www.sagesontour.ch\/?p=1580\"><img loading=\"lazy\" decoding=\"async\" width=\"600\" height=\"315\" src=\"https:\/\/www.sagesontour.ch\/wp-content\/uploads\/2022\/05\/tn_64.jpg\" class=\"attachment-large size-large\" alt=\"\" srcset=\"https:\/\/www.sagesontour.ch\/wp-content\/uploads\/2022\/05\/tn_64.jpg 600w, https:\/\/www.sagesontour.ch\/wp-content\/uploads\/2022\/05\/tn_64-300x158.jpg 300w\" sizes=\"(max-width: 600px) 100vw, 600px\" \/><\/a><\/div><div class=\"advgb-post-wrapper\"><h2 class=\"advgb-post-title\"><a href=\"https:\/\/www.sagesontour.ch\/?p=1580\">Samstag, 16. August und Sonntag, 17. August 2014<\/a><\/h2><div class=\"advgb-post-content\"><div class=\"advgb-post-excerpt\">Der Samstag ist wolkenverhangen. Auf dem Weg zur K\u00e4serei &#8222;Cheese Village&#8220;, beginnt es sogar zu regnen. Wir schauen uns im Laden der K\u00e4serei um und nas<\/div><div class=\"advgb-post-readmore\"><a href=\"https:\/\/www.sagesontour.ch\/?p=1580\">Weiterlesen<\/a><\/div><\/div><\/div><\/article><article class=\"advgb-recent-post\"><div class=\"advgb-post-thumbnail\"><a href=\"https:\/\/www.sagesontour.ch\/?p=1588\"><img loading=\"lazy\" decoding=\"async\" width=\"510\" height=\"340\" src=\"https:\/\/www.sagesontour.ch\/wp-content\/uploads\/2022\/05\/tn_68.jpg\" class=\"attachment-large size-large\" alt=\"\" srcset=\"https:\/\/www.sagesontour.ch\/wp-content\/uploads\/2022\/05\/tn_68.jpg 510w, https:\/\/www.sagesontour.ch\/wp-content\/uploads\/2022\/05\/tn_68-300x200.jpg 300w\" sizes=\"(max-width: 510px) 100vw, 510px\" \/><\/a><\/div><div class=\"advgb-post-wrapper\"><h2 class=\"advgb-post-title\"><a href=\"https:\/\/www.sagesontour.ch\/?p=1588\">Montag, 18. August 2014<\/a><\/h2><div class=\"advgb-post-content\"><div class=\"advgb-post-excerpt\">Nachdem Marco mit Chandra auf dem Hundeplatz war, fahren wir alle zusammen auf der Strasse Nr. 6 durch endlos erscheinende W\u00e4lder. In Needles endet di<\/div><div class=\"advgb-post-readmore\"><a href=\"https:\/\/www.sagesontour.ch\/?p=1588\">Weiterlesen<\/a><\/div><\/div><\/div><\/article><article class=\"advgb-recent-post\"><div class=\"advgb-post-thumbnail\"><a href=\"https:\/\/www.sagesontour.ch\/?p=1597\"><img loading=\"lazy\" decoding=\"async\" width=\"510\" height=\"340\" src=\"https:\/\/www.sagesontour.ch\/wp-content\/uploads\/2022\/05\/tn_72.jpg\" class=\"attachment-large size-large\" alt=\"\" srcset=\"https:\/\/www.sagesontour.ch\/wp-content\/uploads\/2022\/05\/tn_72.jpg 510w, https:\/\/www.sagesontour.ch\/wp-content\/uploads\/2022\/05\/tn_72-300x200.jpg 300w\" sizes=\"(max-width: 510px) 100vw, 510px\" \/><\/a><\/div><div class=\"advgb-post-wrapper\"><h2 class=\"advgb-post-title\"><a href=\"https:\/\/www.sagesontour.ch\/?p=1597\">Dienstag, 19. August 2014<\/a><\/h2><div class=\"advgb-post-content\"><div class=\"advgb-post-excerpt\">Wir wachen alle v\u00f6llig zerstochen auf. Die Mosquitos haben heute Nacht alles gegeben! Zun\u00e4chst gehen Barbara und Marco mit Chandra auf dem Hundeplatz <\/div><div class=\"advgb-post-readmore\"><a href=\"https:\/\/www.sagesontour.ch\/?p=1597\">Weiterlesen<\/a><\/div><\/div><\/div><\/article><article class=\"advgb-recent-post\"><div class=\"advgb-post-thumbnail\"><a href=\"https:\/\/www.sagesontour.ch\/?p=1617\"><img loading=\"lazy\" decoding=\"async\" width=\"510\" height=\"340\" src=\"https:\/\/www.sagesontour.ch\/wp-content\/uploads\/2022\/05\/tn_76.jpg\" class=\"attachment-large size-large\" alt=\"\" srcset=\"https:\/\/www.sagesontour.ch\/wp-content\/uploads\/2022\/05\/tn_76.jpg 510w, https:\/\/www.sagesontour.ch\/wp-content\/uploads\/2022\/05\/tn_76-300x200.jpg 300w\" sizes=\"(max-width: 510px) 100vw, 510px\" \/><\/a><\/div><div class=\"advgb-post-wrapper\"><h2 class=\"advgb-post-title\"><a href=\"https:\/\/www.sagesontour.ch\/?p=1617\">Mittwoch, 20. August 2014<\/a><\/h2><div class=\"advgb-post-content\"><div class=\"advgb-post-excerpt\">Nachdem wir Marco zur Arbeit ins Sparkling Hill gebracht haben, fahren wir zur &#8218;The Jammery&#8216; zum Fr\u00fchst\u00fcck. Es ist viel Betrieb und so m\u00fcssen wir ein <\/div><div class=\"advgb-post-readmore\"><a href=\"https:\/\/www.sagesontour.ch\/?p=1617\">Weiterlesen<\/a><\/div><\/div><\/div><\/article><\/div><\/div>","protected":false},"excerpt":{"rendered":"<p>Unser Trip an die Westk\u00fcste der USA vom 30. Juli bis 27. August 2014 Unsere Reise im 2014 f\u00fchrte uns zun\u00e4chst in die USA, genauer gesagt, an die Westk\u00fcste. Wir verbrachten ein paar sch\u00f6ne Tage auf dem Highway 1 bis Monterey. Ausserdem machten wir einen l\u00e4ngeren Stopp in San Francisco, ehe es dann wieder zur\u00fcck nach Canada ging, wo wir Marco und Barbara besuchten und mit ihnen die Ferien in Vancouver beendeten.&nbsp;<\/p>\n","protected":false},"author":1,"featured_media":0,"parent":0,"menu_order":0,"comment_status":"closed","ping_status":"closed","template":"","meta":{"advgb_blocks_editor_width":"","advgb_blocks_columns_visual_guide":"","ghostkit_customizer_options":"","ghostkit_custom_css":"","ghostkit_custom_js_head":"","ghostkit_custom_js_foot":"","ghostkit_typography":"","footnotes":""},"class_list":["post-29","page","type-page","status-publish","hentry"],"coauthors":[],"author_meta":{"author_link":"https:\/\/www.sagesontour.ch\/?author=1","display_name":"sagesontour.ch"},"relative_dates":{"created":"Posted 12\u00a0Jahren ago","modified":"Updated 4\u00a0Jahren ago"},"absolute_dates":{"created":"Posted on Juni 29, 2014","modified":"Updated on Mai 21, 2022"},"absolute_dates_time":{"created":"Posted on Juni 29, 2014 6:53 a.m.","modified":"Updated on Mai 21, 2022 4:35 p.m."},"featured_img_caption":"","featured_img":false,"series_order":"","acf":[],"_links":{"self":[{"href":"https:\/\/www.sagesontour.ch\/index.php?rest_route=\/wp\/v2\/pages\/29","targetHints":{"allow":["GET"]}}],"collection":[{"href":"https:\/\/www.sagesontour.ch\/index.php?rest_route=\/wp\/v2\/pages"}],"about":[{"href":"https:\/\/www.sagesontour.ch\/index.php?rest_route=\/wp\/v2\/types\/page"}],"author":[{"embeddable":true,"href":"https:\/\/www.sagesontour.ch\/index.php?rest_route=\/wp\/v2\/users\/1"}],"replies":[{"embeddable":true,"href":"https:\/\/www.sagesontour.ch\/index.php?rest_route=%2Fwp%2Fv2%2Fcomments&post=29"}],"version-history":[{"count":5,"href":"https:\/\/www.sagesontour.ch\/index.php?rest_route=\/wp\/v2\/pages\/29\/revisions"}],"predecessor-version":[{"id":2453,"href":"https:\/\/www.sagesontour.ch\/index.php?rest_route=\/wp\/v2\/pages\/29\/revisions\/2453"}],"wp:attachment":[{"href":"https:\/\/www.sagesontour.ch\/index.php?rest_route=%2Fwp%2Fv2%2Fmedia&parent=29"}],"curies":[{"name":"wp","href":"https:\/\/api.w.org\/{rel}","templated":true}]}}