{"id":26,"date":"2010-09-07T06:53:43","date_gmt":"2010-09-07T06:53:43","guid":{"rendered":"https:\/\/www.sagesontour.ch\/?page_id=26"},"modified":"2022-05-21T16:34:18","modified_gmt":"2022-05-21T16:34:18","slug":"canada-usa-2010","status":"publish","type":"page","link":"https:\/\/www.sagesontour.ch\/?page_id=26","title":{"rendered":"Canada &#038; USA 2010"},"content":{"rendered":"<h3 style=\"text-align: center;\">Unsere Ferien in den USA an der Ostk\u00fcste und in Canada in Alberta<\/h3>\n<h3 style=\"text-align: center;\">vom 18. September bis 15. Oktober 2010<\/h3>\n\n\n<div class=\"wp-block-group\"><div class=\"wp-block-group__inner-container is-layout-flow wp-block-group-is-layout-flow\">\n<div class=\"wp-block-group\"><div class=\"wp-block-group__inner-container is-layout-flow wp-block-group-is-layout-flow\">\n<p>Alles begann mit einem Blog im Jahr 2010 anl\u00e4sslich unserer Reise in die United States of America und Canada. Wir flogen am 18. September 2010 nach New York, verbrachten ein paar Tage am big apple, bevor wir dann aufbrachen in den Indian Summer nach New England und die Ferien in Canada abschlossen.<\/p>\n<p><\/p>\n<\/div><\/div>\n<\/div><\/div>\n\n\n<div class=\"advgb-recent-posts-block grid-view columns-2 recent-posts-eb583326-815a-42c9-9adb-15a24711276f\"><div class=\"advgb-recent-posts\"><article class=\"advgb-recent-post\"><div class=\"advgb-post-thumbnail\"><a href=\"https:\/\/www.sagesontour.ch\/?p=46\"><img fetchpriority=\"high\" decoding=\"async\" width=\"453\" height=\"340\" src=\"https:\/\/www.sagesontour.ch\/wp-content\/uploads\/2010\/09\/tn_1.jpg\" class=\"attachment-large size-large\" alt=\"\" srcset=\"https:\/\/www.sagesontour.ch\/wp-content\/uploads\/2010\/09\/tn_1.jpg 453w, https:\/\/www.sagesontour.ch\/wp-content\/uploads\/2010\/09\/tn_1-300x225.jpg 300w\" sizes=\"(max-width: 453px) 100vw, 453px\" \/><\/a><\/div><div class=\"advgb-post-wrapper\"><h2 class=\"advgb-post-title\"><a href=\"https:\/\/www.sagesontour.ch\/?p=46\">Samstag, 18. September 2010<\/a><\/h2><div class=\"advgb-post-content\"><div class=\"advgb-post-excerpt\">Endlich ist es soweit. 9:55 Uhr startet unser Flugzeug nach New York City. In der gem\u00fctlichen Business Class gehen die 8 1\/2 Stunden sprichw\u00f6rtlich wi<\/div><div class=\"advgb-post-readmore\"><a href=\"https:\/\/www.sagesontour.ch\/?p=46\">Weiterlesen<\/a><\/div><\/div><\/div><\/article><article class=\"advgb-recent-post\"><div class=\"advgb-post-thumbnail\"><a href=\"https:\/\/www.sagesontour.ch\/?p=694\"><img decoding=\"async\" width=\"453\" height=\"340\" src=\"https:\/\/www.sagesontour.ch\/wp-content\/uploads\/2010\/09\/tn_7.jpg\" class=\"attachment-large size-large\" alt=\"\" srcset=\"https:\/\/www.sagesontour.ch\/wp-content\/uploads\/2010\/09\/tn_7.jpg 453w, https:\/\/www.sagesontour.ch\/wp-content\/uploads\/2010\/09\/tn_7-300x225.jpg 300w\" sizes=\"(max-width: 453px) 100vw, 453px\" \/><\/a><\/div><div class=\"advgb-post-wrapper\"><h2 class=\"advgb-post-title\"><a href=\"https:\/\/www.sagesontour.ch\/?p=694\">Sonntag, 19. September 2010<\/a><\/h2><div class=\"advgb-post-content\"><div class=\"advgb-post-excerpt\">Heute geht&#8217;s zum Citifield nach Queens. Die Mets spielen gegen Atlanta Braves. Das Spiel startet um 13.10 Uhr. Die Stimmung ist nach dem ersten Homeru<\/div><div class=\"advgb-post-readmore\"><a href=\"https:\/\/www.sagesontour.ch\/?p=694\">Weiterlesen<\/a><\/div><\/div><\/div><\/article><article class=\"advgb-recent-post\"><div class=\"advgb-post-thumbnail\"><a href=\"https:\/\/www.sagesontour.ch\/?p=702\"><img decoding=\"async\" width=\"510\" height=\"340\" src=\"https:\/\/www.sagesontour.ch\/wp-content\/uploads\/2010\/09\/tn_9.jpg\" class=\"attachment-large size-large\" alt=\"\" srcset=\"https:\/\/www.sagesontour.ch\/wp-content\/uploads\/2010\/09\/tn_9.jpg 510w, https:\/\/www.sagesontour.ch\/wp-content\/uploads\/2010\/09\/tn_9-300x200.jpg 300w\" sizes=\"(max-width: 510px) 100vw, 510px\" \/><\/a><\/div><div class=\"advgb-post-wrapper\"><h2 class=\"advgb-post-title\"><a href=\"https:\/\/www.sagesontour.ch\/?p=702\">Montag, 20. September 2010<\/a><\/h2><div class=\"advgb-post-content\"><div class=\"advgb-post-excerpt\">Auch heute morgen ist das Wetter wieder einmal traumhaft. Blauer Himmel und sonnig. Wir fahren zum Battery Park und reservieren uns Tickets f\u00fcr die \u00dcb<\/div><div class=\"advgb-post-readmore\"><a href=\"https:\/\/www.sagesontour.ch\/?p=702\">Weiterlesen<\/a><\/div><\/div><\/div><\/article><article class=\"advgb-recent-post\"><div class=\"advgb-post-thumbnail\"><a href=\"https:\/\/www.sagesontour.ch\/?p=774\"><img loading=\"lazy\" decoding=\"async\" width=\"510\" height=\"340\" src=\"https:\/\/www.sagesontour.ch\/wp-content\/uploads\/2010\/09\/tn_13.jpg\" class=\"attachment-large size-large\" alt=\"\" srcset=\"https:\/\/www.sagesontour.ch\/wp-content\/uploads\/2010\/09\/tn_13.jpg 510w, https:\/\/www.sagesontour.ch\/wp-content\/uploads\/2010\/09\/tn_13-300x200.jpg 300w\" sizes=\"(max-width: 510px) 100vw, 510px\" \/><\/a><\/div><div class=\"advgb-post-wrapper\"><h2 class=\"advgb-post-title\"><a href=\"https:\/\/www.sagesontour.ch\/?p=774\">Dienstag, 21. September 2021<\/a><\/h2><div class=\"advgb-post-content\"><div class=\"advgb-post-excerpt\">Zuerst geht&#8217;s mit dem Uptown Loop zur Columbia Universit\u00e4t und nach Harlem. Auf dem Campus der renomierten Uni kommt man sich grad schlau vor. Danach <\/div><div class=\"advgb-post-readmore\"><a href=\"https:\/\/www.sagesontour.ch\/?p=774\">Weiterlesen<\/a><\/div><\/div><\/div><\/article><article class=\"advgb-recent-post\"><div class=\"advgb-post-thumbnail\"><a href=\"https:\/\/www.sagesontour.ch\/?p=876\"><img loading=\"lazy\" decoding=\"async\" width=\"510\" height=\"340\" src=\"https:\/\/www.sagesontour.ch\/wp-content\/uploads\/2010\/09\/tn_18.jpg\" class=\"attachment-large size-large\" alt=\"\" srcset=\"https:\/\/www.sagesontour.ch\/wp-content\/uploads\/2010\/09\/tn_18.jpg 510w, https:\/\/www.sagesontour.ch\/wp-content\/uploads\/2010\/09\/tn_18-300x200.jpg 300w\" sizes=\"(max-width: 510px) 100vw, 510px\" \/><\/a><\/div><div class=\"advgb-post-wrapper\"><h2 class=\"advgb-post-title\"><a href=\"https:\/\/www.sagesontour.ch\/?p=876\">Mittwoch, 22. September 2010<\/a><\/h2><div class=\"advgb-post-content\"><div class=\"advgb-post-excerpt\">Heute jagt ein Highlight das N\u00e4chste. Zuerst geht&#8217;s zur Statue of Liberty, danach zu Ellis Island, der erste Ankunftspunkt f\u00fcr Einwanderer von 1892 bi<\/div><div class=\"advgb-post-readmore\"><a href=\"https:\/\/www.sagesontour.ch\/?p=876\">Weiterlesen<\/a><\/div><\/div><\/div><\/article><article class=\"advgb-recent-post\"><div class=\"advgb-post-thumbnail\"><a href=\"https:\/\/www.sagesontour.ch\/?p=883\"><img loading=\"lazy\" decoding=\"async\" width=\"510\" height=\"340\" src=\"https:\/\/www.sagesontour.ch\/wp-content\/uploads\/2010\/09\/tn_22.jpg\" class=\"attachment-large size-large\" alt=\"\" srcset=\"https:\/\/www.sagesontour.ch\/wp-content\/uploads\/2010\/09\/tn_22.jpg 510w, https:\/\/www.sagesontour.ch\/wp-content\/uploads\/2010\/09\/tn_22-300x200.jpg 300w\" sizes=\"(max-width: 510px) 100vw, 510px\" \/><\/a><\/div><div class=\"advgb-post-wrapper\"><h2 class=\"advgb-post-title\"><a href=\"https:\/\/www.sagesontour.ch\/?p=883\">Donnerstag, 23. September 2010<\/a><\/h2><div class=\"advgb-post-content\"><div class=\"advgb-post-excerpt\">Central Park Sport frei heisst es heute. Wir mieten uns ein Velo und fahren ganz entspannt durch den Central Park. Danach heisst es Power Shopping im <\/div><div class=\"advgb-post-readmore\"><a href=\"https:\/\/www.sagesontour.ch\/?p=883\">Weiterlesen<\/a><\/div><\/div><\/div><\/article><article class=\"advgb-recent-post\"><div class=\"advgb-post-thumbnail\"><a href=\"https:\/\/www.sagesontour.ch\/?p=892\"><img loading=\"lazy\" decoding=\"async\" width=\"510\" height=\"340\" src=\"https:\/\/www.sagesontour.ch\/wp-content\/uploads\/2010\/09\/tn_26.jpg\" class=\"attachment-large size-large\" alt=\"\" srcset=\"https:\/\/www.sagesontour.ch\/wp-content\/uploads\/2010\/09\/tn_26.jpg 510w, https:\/\/www.sagesontour.ch\/wp-content\/uploads\/2010\/09\/tn_26-300x200.jpg 300w\" sizes=\"(max-width: 510px) 100vw, 510px\" \/><\/a><\/div><div class=\"advgb-post-wrapper\"><h2 class=\"advgb-post-title\"><a href=\"https:\/\/www.sagesontour.ch\/?p=892\">Freitag, 24. September 2010<\/a><\/h2><div class=\"advgb-post-content\"><div class=\"advgb-post-excerpt\">Watch Hill Tsch\u00fcss NYC! Nach einem Stau in der Bronx haben wir den Highway erreicht und fahren an der Ostk\u00fcste entlang. Im h\u00fcbschen, aber noblen Watch<\/div><div class=\"advgb-post-readmore\"><a href=\"https:\/\/www.sagesontour.ch\/?p=892\">Weiterlesen<\/a><\/div><\/div><\/div><\/article><article class=\"advgb-recent-post\"><div class=\"advgb-post-thumbnail\"><a href=\"https:\/\/www.sagesontour.ch\/?p=901\"><img loading=\"lazy\" decoding=\"async\" width=\"510\" height=\"340\" src=\"https:\/\/www.sagesontour.ch\/wp-content\/uploads\/2010\/09\/tn_30.jpg\" class=\"attachment-large size-large\" alt=\"\" srcset=\"https:\/\/www.sagesontour.ch\/wp-content\/uploads\/2010\/09\/tn_30.jpg 510w, https:\/\/www.sagesontour.ch\/wp-content\/uploads\/2010\/09\/tn_30-300x200.jpg 300w\" sizes=\"(max-width: 510px) 100vw, 510px\" \/><\/a><\/div><div class=\"advgb-post-wrapper\"><h2 class=\"advgb-post-title\"><a href=\"https:\/\/www.sagesontour.ch\/?p=901\">Samstag, 25. September 2010<\/a><\/h2><div class=\"advgb-post-content\"><div class=\"advgb-post-excerpt\">Heute wird es ein langer Tag, doch das wissen wir am Morgen noch nicht, als wir bei Sonnenschein gem\u00fctlich fr\u00fchst\u00fccken.\nNach einem ausgiebigen Spazier<\/div><div class=\"advgb-post-readmore\"><a href=\"https:\/\/www.sagesontour.ch\/?p=901\">Weiterlesen<\/a><\/div><\/div><\/div><\/article><article class=\"advgb-recent-post\"><div class=\"advgb-post-thumbnail\"><a href=\"https:\/\/www.sagesontour.ch\/?p=905\"><img loading=\"lazy\" decoding=\"async\" width=\"510\" height=\"340\" src=\"https:\/\/www.sagesontour.ch\/wp-content\/uploads\/2010\/09\/tn_34.jpg\" class=\"attachment-large size-large\" alt=\"\" srcset=\"https:\/\/www.sagesontour.ch\/wp-content\/uploads\/2010\/09\/tn_34.jpg 510w, https:\/\/www.sagesontour.ch\/wp-content\/uploads\/2010\/09\/tn_34-300x200.jpg 300w\" sizes=\"(max-width: 510px) 100vw, 510px\" \/><\/a><\/div><div class=\"advgb-post-wrapper\"><h2 class=\"advgb-post-title\"><a href=\"https:\/\/www.sagesontour.ch\/?p=905\">Sonntag, 26. September 2010<\/a><\/h2><div class=\"advgb-post-content\"><div class=\"advgb-post-excerpt\">Erste Station heute: Salem, bekannt durch seine Hexenprozesse 1692. Im Witch Museum wird uns die Geschichte rund um die Hexenprozesse n\u00e4her gef\u00fchrt. I<\/div><div class=\"advgb-post-readmore\"><a href=\"https:\/\/www.sagesontour.ch\/?p=905\">Weiterlesen<\/a><\/div><\/div><\/div><\/article><article class=\"advgb-recent-post\"><div class=\"advgb-post-thumbnail\"><a href=\"https:\/\/www.sagesontour.ch\/?p=910\"><img loading=\"lazy\" decoding=\"async\" width=\"510\" height=\"340\" src=\"https:\/\/www.sagesontour.ch\/wp-content\/uploads\/2010\/09\/tn_37.jpg\" class=\"attachment-large size-large\" alt=\"\" srcset=\"https:\/\/www.sagesontour.ch\/wp-content\/uploads\/2010\/09\/tn_37.jpg 510w, https:\/\/www.sagesontour.ch\/wp-content\/uploads\/2010\/09\/tn_37-300x200.jpg 300w\" sizes=\"(max-width: 510px) 100vw, 510px\" \/><\/a><\/div><div class=\"advgb-post-wrapper\"><h2 class=\"advgb-post-title\"><a href=\"https:\/\/www.sagesontour.ch\/?p=910\">Montag, 27. September 2010<\/a><\/h2><div class=\"advgb-post-content\"><div class=\"advgb-post-excerpt\">Lake Winnespesaukee Heute ist es bew\u00f6lkt und es nieselt. Wir fahren zuerst am Lake Winnespesaukee entlang. Dann machen wir einen Abstecher zum &#8222;Castle<\/div><div class=\"advgb-post-readmore\"><a href=\"https:\/\/www.sagesontour.ch\/?p=910\">Weiterlesen<\/a><\/div><\/div><\/div><\/article><article class=\"advgb-recent-post\"><div class=\"advgb-post-thumbnail\"><a href=\"https:\/\/www.sagesontour.ch\/?p=946\"><img loading=\"lazy\" decoding=\"async\" width=\"510\" height=\"340\" src=\"https:\/\/www.sagesontour.ch\/wp-content\/uploads\/2010\/09\/tn_44.jpg\" class=\"attachment-large size-large\" alt=\"\" srcset=\"https:\/\/www.sagesontour.ch\/wp-content\/uploads\/2010\/09\/tn_44.jpg 510w, https:\/\/www.sagesontour.ch\/wp-content\/uploads\/2010\/09\/tn_44-300x200.jpg 300w\" sizes=\"(max-width: 510px) 100vw, 510px\" \/><\/a><\/div><div class=\"advgb-post-wrapper\"><h2 class=\"advgb-post-title\"><a href=\"https:\/\/www.sagesontour.ch\/?p=946\">Dienstag, 28. September 2010<\/a><\/h2><div class=\"advgb-post-content\"><div class=\"advgb-post-excerpt\">Erster Stopp ist Ben &#038; Jerry&#8217;s. Hier wird einem gezeigt, wie das weltber\u00fchmte Glac\u00e9 gefertigt wird. Ein interessanter und etwas verr\u00fcckter Rundgang. S<\/div><div class=\"advgb-post-readmore\"><a href=\"https:\/\/www.sagesontour.ch\/?p=946\">Weiterlesen<\/a><\/div><\/div><\/div><\/article><article class=\"advgb-recent-post\"><div class=\"advgb-post-thumbnail\"><a href=\"https:\/\/www.sagesontour.ch\/?p=949\"><img loading=\"lazy\" decoding=\"async\" width=\"510\" height=\"340\" src=\"https:\/\/www.sagesontour.ch\/wp-content\/uploads\/2010\/09\/tn_47.jpg\" class=\"attachment-large size-large\" alt=\"\" srcset=\"https:\/\/www.sagesontour.ch\/wp-content\/uploads\/2010\/09\/tn_47.jpg 510w, https:\/\/www.sagesontour.ch\/wp-content\/uploads\/2010\/09\/tn_47-300x200.jpg 300w\" sizes=\"(max-width: 510px) 100vw, 510px\" \/><\/a><\/div><div class=\"advgb-post-wrapper\"><h2 class=\"advgb-post-title\"><a href=\"https:\/\/www.sagesontour.ch\/?p=949\">Mittwoch, 29. September 2010<\/a><\/h2><div class=\"advgb-post-content\"><div class=\"advgb-post-excerpt\">Crawfords Notch State Park Traumhaft!\nZuerst auf den Mount Washington mit dem Steamtrain. Hier oben \u00e4ndert sich das Wetter innert Sekunden. Eine Herau<\/div><div class=\"advgb-post-readmore\"><a href=\"https:\/\/www.sagesontour.ch\/?p=949\">Weiterlesen<\/a><\/div><\/div><\/div><\/article><article class=\"advgb-recent-post\"><div class=\"advgb-post-thumbnail\"><a href=\"https:\/\/www.sagesontour.ch\/?p=952\"><img loading=\"lazy\" decoding=\"async\" width=\"453\" height=\"340\" src=\"https:\/\/www.sagesontour.ch\/wp-content\/uploads\/2010\/09\/tn_49.jpg\" class=\"attachment-large size-large\" alt=\"\" srcset=\"https:\/\/www.sagesontour.ch\/wp-content\/uploads\/2010\/09\/tn_49.jpg 453w, https:\/\/www.sagesontour.ch\/wp-content\/uploads\/2010\/09\/tn_49-300x225.jpg 300w\" sizes=\"(max-width: 453px) 100vw, 453px\" \/><\/a><\/div><div class=\"advgb-post-wrapper\"><h2 class=\"advgb-post-title\"><a href=\"https:\/\/www.sagesontour.ch\/?p=952\">Donnerstag, 30. September 2010<\/a><\/h2><div class=\"advgb-post-content\"><div class=\"advgb-post-excerpt\">Es regnet. Wir machen uns auf den Weg nach Boston. Wir probieren es noch einmal. In Concord steigen wir kurz aus.\nIm Comfort Inn haben wir eine einige<\/div><div class=\"advgb-post-readmore\"><a href=\"https:\/\/www.sagesontour.ch\/?p=952\">Weiterlesen<\/a><\/div><\/div><\/div><\/article><article class=\"advgb-recent-post\"><div class=\"advgb-post-thumbnail\"><a href=\"https:\/\/www.sagesontour.ch\/?p=967\"><img loading=\"lazy\" decoding=\"async\" width=\"510\" height=\"340\" src=\"https:\/\/www.sagesontour.ch\/wp-content\/uploads\/2010\/10\/tn_53.jpg\" class=\"attachment-large size-large\" alt=\"\" srcset=\"https:\/\/www.sagesontour.ch\/wp-content\/uploads\/2010\/10\/tn_53.jpg 510w, https:\/\/www.sagesontour.ch\/wp-content\/uploads\/2010\/10\/tn_53-300x200.jpg 300w\" sizes=\"(max-width: 510px) 100vw, 510px\" \/><\/a><\/div><div class=\"advgb-post-wrapper\"><h2 class=\"advgb-post-title\"><a href=\"https:\/\/www.sagesontour.ch\/?p=967\">Freitag, 1. Oktober 2010<\/a><\/h2><div class=\"advgb-post-content\"><div class=\"advgb-post-excerpt\">\u00a0State House,\u00a0Parlament von Massachusetts Auf nach Boston Downtown. Zuerst eine Sightseeingtour und dann noch eine Tour mit dem Amphibienfahrzeug auf <\/div><div class=\"advgb-post-readmore\"><a href=\"https:\/\/www.sagesontour.ch\/?p=967\">Weiterlesen<\/a><\/div><\/div><\/div><\/article><article class=\"advgb-recent-post\"><div class=\"advgb-post-thumbnail\"><a href=\"https:\/\/www.sagesontour.ch\/?p=975\"><img loading=\"lazy\" decoding=\"async\" width=\"580\" height=\"340\" src=\"https:\/\/www.sagesontour.ch\/wp-content\/uploads\/2010\/10\/tn_58.jpg\" class=\"attachment-large size-large\" alt=\"\" srcset=\"https:\/\/www.sagesontour.ch\/wp-content\/uploads\/2010\/10\/tn_58.jpg 580w, https:\/\/www.sagesontour.ch\/wp-content\/uploads\/2010\/10\/tn_58-300x176.jpg 300w\" sizes=\"(max-width: 580px) 100vw, 580px\" \/><\/a><\/div><div class=\"advgb-post-wrapper\"><h2 class=\"advgb-post-title\"><a href=\"https:\/\/www.sagesontour.ch\/?p=975\">Samstag, 2. Oktober 2010<\/a><\/h2><div class=\"advgb-post-content\"><div class=\"advgb-post-excerpt\">Boston Bei strahlendem Wetter erkunden wir Boston zu Fuss. Zun\u00e4chst aber wieder eine Pleite: Das Rooftop des Prudential Towers &#8211; dort h\u00e4tten wir eine <\/div><div class=\"advgb-post-readmore\"><a href=\"https:\/\/www.sagesontour.ch\/?p=975\">Weiterlesen<\/a><\/div><\/div><\/div><\/article><article class=\"advgb-recent-post\"><div class=\"advgb-post-thumbnail\"><a href=\"https:\/\/www.sagesontour.ch\/?p=993\"><img loading=\"lazy\" decoding=\"async\" width=\"510\" height=\"340\" src=\"https:\/\/www.sagesontour.ch\/wp-content\/uploads\/2010\/10\/tn_61.jpg\" class=\"attachment-large size-large\" alt=\"\" srcset=\"https:\/\/www.sagesontour.ch\/wp-content\/uploads\/2010\/10\/tn_61.jpg 510w, https:\/\/www.sagesontour.ch\/wp-content\/uploads\/2010\/10\/tn_61-300x200.jpg 300w\" sizes=\"(max-width: 510px) 100vw, 510px\" \/><\/a><\/div><div class=\"advgb-post-wrapper\"><h2 class=\"advgb-post-title\"><a href=\"https:\/\/www.sagesontour.ch\/?p=993\">Sonntag, 3. Oktober 2010<\/a><\/h2><div class=\"advgb-post-content\"><div class=\"advgb-post-excerpt\">Hudson River Der Tag startet ohne Fr\u00fchst\u00fcck, vor allem ohne Kaffee. Dies wirkt sich auch auf die Streckenf\u00fchrung aus. Wir fahren erstmal im Kreis.\nIrg<\/div><div class=\"advgb-post-readmore\"><a href=\"https:\/\/www.sagesontour.ch\/?p=993\">Weiterlesen<\/a><\/div><\/div><\/div><\/article><article class=\"advgb-recent-post\"><div class=\"advgb-post-thumbnail\"><a href=\"https:\/\/www.sagesontour.ch\/?p=1000\"><img loading=\"lazy\" decoding=\"async\" width=\"453\" height=\"340\" src=\"https:\/\/www.sagesontour.ch\/wp-content\/uploads\/2010\/10\/tn_66.jpg\" class=\"attachment-large size-large\" alt=\"\" srcset=\"https:\/\/www.sagesontour.ch\/wp-content\/uploads\/2010\/10\/tn_66.jpg 453w, https:\/\/www.sagesontour.ch\/wp-content\/uploads\/2010\/10\/tn_66-300x225.jpg 300w\" sizes=\"(max-width: 453px) 100vw, 453px\" \/><\/a><\/div><div class=\"advgb-post-wrapper\"><h2 class=\"advgb-post-title\"><a href=\"https:\/\/www.sagesontour.ch\/?p=1000\">Montag, 4. Oktober 2010<\/a><\/h2><div class=\"advgb-post-content\"><div class=\"advgb-post-excerpt\">Bryant Park Bei Nieselwetter werden noch die letzten Souvenirs gekauft. Wir pilgern zum Madison Square Park, dann zum Bryant Park und nehmen schlussen<\/div><div class=\"advgb-post-readmore\"><a href=\"https:\/\/www.sagesontour.ch\/?p=1000\">Weiterlesen<\/a><\/div><\/div><\/div><\/article><article class=\"advgb-recent-post\"><div class=\"advgb-post-thumbnail\"><a href=\"https:\/\/www.sagesontour.ch\/?p=1002\"><img loading=\"lazy\" decoding=\"async\" width=\"453\" height=\"340\" src=\"https:\/\/www.sagesontour.ch\/wp-content\/uploads\/2010\/10\/tn_69.jpg\" class=\"attachment-large size-large\" alt=\"\" srcset=\"https:\/\/www.sagesontour.ch\/wp-content\/uploads\/2010\/10\/tn_69.jpg 453w, https:\/\/www.sagesontour.ch\/wp-content\/uploads\/2010\/10\/tn_69-300x225.jpg 300w\" sizes=\"(max-width: 453px) 100vw, 453px\" \/><\/a><\/div><div class=\"advgb-post-wrapper\"><h2 class=\"advgb-post-title\"><a href=\"https:\/\/www.sagesontour.ch\/?p=1002\">Dienstag, 5. Oktober 2010<\/a><\/h2><div class=\"advgb-post-content\"><div class=\"advgb-post-excerpt\">\u00dcber den Wolken So, nun m\u00fcssen wir wohl oder \u00fcbel Abschied von New York und den Staaten nehmen.\nUm 8:00 Uhr geht unser Flieger nach Calgary. Dies bede<\/div><div class=\"advgb-post-readmore\"><a href=\"https:\/\/www.sagesontour.ch\/?p=1002\">Weiterlesen<\/a><\/div><\/div><\/div><\/article><article class=\"advgb-recent-post\"><div class=\"advgb-post-thumbnail\"><a href=\"https:\/\/www.sagesontour.ch\/?p=1004\"><img loading=\"lazy\" decoding=\"async\" width=\"453\" height=\"340\" src=\"https:\/\/www.sagesontour.ch\/wp-content\/uploads\/2010\/10\/tn_71.jpg\" class=\"attachment-large size-large\" alt=\"\" srcset=\"https:\/\/www.sagesontour.ch\/wp-content\/uploads\/2010\/10\/tn_71.jpg 453w, https:\/\/www.sagesontour.ch\/wp-content\/uploads\/2010\/10\/tn_71-300x225.jpg 300w\" sizes=\"(max-width: 453px) 100vw, 453px\" \/><\/a><\/div><div class=\"advgb-post-wrapper\"><h2 class=\"advgb-post-title\"><a href=\"https:\/\/www.sagesontour.ch\/?p=1004\">Mittwoch, 6. Oktober 2010<\/a><\/h2><div class=\"advgb-post-content\"><div class=\"advgb-post-excerpt\">Edmonton, Legislative Building Bei sch\u00f6nstem Wetter und warmen 18 Grad machen wir uns mit Onkel Alfons auf den Weg nach Edmonton. Auf dem langweiligen<\/div><div class=\"advgb-post-readmore\"><a href=\"https:\/\/www.sagesontour.ch\/?p=1004\">Weiterlesen<\/a><\/div><\/div><\/div><\/article><article class=\"advgb-recent-post\"><div class=\"advgb-post-thumbnail\"><a href=\"https:\/\/www.sagesontour.ch\/?p=1006\"><img loading=\"lazy\" decoding=\"async\" width=\"453\" height=\"340\" src=\"https:\/\/www.sagesontour.ch\/wp-content\/uploads\/2010\/10\/tn_75.jpg\" class=\"attachment-large size-large\" alt=\"\" srcset=\"https:\/\/www.sagesontour.ch\/wp-content\/uploads\/2010\/10\/tn_75.jpg 453w, https:\/\/www.sagesontour.ch\/wp-content\/uploads\/2010\/10\/tn_75-300x225.jpg 300w\" sizes=\"(max-width: 453px) 100vw, 453px\" \/><\/a><\/div><div class=\"advgb-post-wrapper\"><h2 class=\"advgb-post-title\"><a href=\"https:\/\/www.sagesontour.ch\/?p=1006\">Donnerstag, 7. Oktober 2010<\/a><\/h2><div class=\"advgb-post-content\"><div class=\"advgb-post-excerpt\">Heute geht&#8217;s in die West Edmonton Mall. \u00dcber 800 Gesch\u00e4fte, mehr als 100 Restaurants laden zum Shoppen und Essen ein. Zudem gibt es noch Entertaintmen<\/div><div class=\"advgb-post-readmore\"><a href=\"https:\/\/www.sagesontour.ch\/?p=1006\">Weiterlesen<\/a><\/div><\/div><\/div><\/article><\/div><\/div>","protected":false},"excerpt":{"rendered":"<p>Unsere Ferien in den USA an der Ostk\u00fcste und in Canada in Alberta vom 18. September bis 15. Oktober 2010 Alles begann mit einem Blog im Jahr 2010 anl\u00e4sslich unserer Reise in die United States of America und Canada. Wir flogen am 18. September 2010 nach New York, verbrachten ein paar Tage am big apple, bevor wir dann aufbrachen in den Indian Summer nach New England und die Ferien in Canada abschlossen.<\/p>\n","protected":false},"author":1,"featured_media":0,"parent":0,"menu_order":0,"comment_status":"closed","ping_status":"closed","template":"elementor_theme","meta":{"advgb_blocks_editor_width":"default","advgb_blocks_columns_visual_guide":"","ghostkit_customizer_options":"","ghostkit_custom_css":"","ghostkit_custom_js_head":"","ghostkit_custom_js_foot":"","ghostkit_typography":"","footnotes":""},"class_list":["post-26","page","type-page","status-publish","hentry"],"coauthors":[],"author_meta":{"author_link":"https:\/\/www.sagesontour.ch\/?author=1","display_name":"sagesontour.ch"},"relative_dates":{"created":"Posted 16\u00a0Jahren ago","modified":"Updated 4\u00a0Jahren ago"},"absolute_dates":{"created":"Posted on September 7, 2010","modified":"Updated on Mai 21, 2022"},"absolute_dates_time":{"created":"Posted on September 7, 2010 6:53 a.m.","modified":"Updated on Mai 21, 2022 4:34 p.m."},"featured_img_caption":"","featured_img":false,"series_order":"","acf":[],"_links":{"self":[{"href":"https:\/\/www.sagesontour.ch\/index.php?rest_route=\/wp\/v2\/pages\/26","targetHints":{"allow":["GET"]}}],"collection":[{"href":"https:\/\/www.sagesontour.ch\/index.php?rest_route=\/wp\/v2\/pages"}],"about":[{"href":"https:\/\/www.sagesontour.ch\/index.php?rest_route=\/wp\/v2\/types\/page"}],"author":[{"embeddable":true,"href":"https:\/\/www.sagesontour.ch\/index.php?rest_route=\/wp\/v2\/users\/1"}],"replies":[{"embeddable":true,"href":"https:\/\/www.sagesontour.ch\/index.php?rest_route=%2Fwp%2Fv2%2Fcomments&post=26"}],"version-history":[{"count":53,"href":"https:\/\/www.sagesontour.ch\/index.php?rest_route=\/wp\/v2\/pages\/26\/revisions"}],"predecessor-version":[{"id":2451,"href":"https:\/\/www.sagesontour.ch\/index.php?rest_route=\/wp\/v2\/pages\/26\/revisions\/2451"}],"wp:attachment":[{"href":"https:\/\/www.sagesontour.ch\/index.php?rest_route=%2Fwp%2Fv2%2Fmedia&parent=26"}],"curies":[{"name":"wp","href":"https:\/\/api.w.org\/{rel}","templated":true}]}}