{"id":2088,"date":"2018-05-16T10:10:46","date_gmt":"2018-05-16T10:10:46","guid":{"rendered":"https:\/\/www.sagesontour.ch\/?page_id=2088"},"modified":"2022-07-13T08:22:25","modified_gmt":"2022-07-13T08:22:25","slug":"usa-2018","status":"publish","type":"page","link":"https:\/\/www.sagesontour.ch\/?page_id=2088","title":{"rendered":"USA 2018"},"content":{"rendered":"<h1 class=\"wp-block wp-block-post-title block-editor-block-list__block editor-post-title editor-post-title__input rich-text is-selected\" style=\"text-align: center;\" role=\"textbox\" contenteditable=\"true\" aria-label=\"Titel hier eingeben\" aria-multiline=\"true\">New York City, Washington D.C., Southeast, viel Geschichte, Natur und Country vom 13. Juni bis 15. Juli 2018<\/h1>\n<p>2018 haben wir uns eine Auszeit von 4 1\/2 Wochen geg\u00f6nnt. Diesmal blieben wir ausschliesslich in den USA und machten einen roundtrip von New York City, nach Baltimore, Philadelphia, Washington D.C., Nashville und wieder zur\u00fcck nach New York. Dabei durchfuhren wir 10 Bundesstaaten. Zum Unabh\u00e4ngigkeitstag der USA waren wir in Nashville und feierten ausgelassen mit.<\/p>\n\n<div class=\"advgb-recent-posts-block grid-view columns-2 recent-posts-6bda0383-5940-44f7-bebc-395754aa3f84\"><div class=\"advgb-recent-posts\"><article class=\"advgb-recent-post\"><div class=\"advgb-post-thumbnail\"><a href=\"https:\/\/www.sagesontour.ch\/?p=2094\"><img fetchpriority=\"high\" decoding=\"async\" width=\"600\" height=\"338\" src=\"https:\/\/www.sagesontour.ch\/wp-content\/uploads\/2022\/05\/tn_1-3.jpg\" class=\"attachment-large size-large\" alt=\"\" srcset=\"https:\/\/www.sagesontour.ch\/wp-content\/uploads\/2022\/05\/tn_1-3.jpg 600w, https:\/\/www.sagesontour.ch\/wp-content\/uploads\/2022\/05\/tn_1-3-300x169.jpg 300w, https:\/\/www.sagesontour.ch\/wp-content\/uploads\/2022\/05\/tn_1-3-480x270.jpg 480w\" sizes=\"(max-width: 600px) 100vw, 600px\" \/><\/a><\/div><div class=\"advgb-post-wrapper\"><h2 class=\"advgb-post-title\"><a href=\"https:\/\/www.sagesontour.ch\/?p=2094\">Mittwoch, 13. Juni 2018<\/a><\/h2><div class=\"advgb-post-content\"><div class=\"advgb-post-excerpt\">Die Fussball-WM beginnt und wir sind dann mal weg! Drei Jahre sind seit unserem letzten Blogeintrag vergangen. Jetzt wird es aber Zeit, wieder einmal <\/div><div class=\"advgb-post-readmore\"><a href=\"https:\/\/www.sagesontour.ch\/?p=2094\">Weiterlesen<\/a><\/div><\/div><\/div><\/article><article class=\"advgb-recent-post\"><div class=\"advgb-post-thumbnail\"><a href=\"https:\/\/www.sagesontour.ch\/?p=2101\"><img decoding=\"async\" width=\"510\" height=\"340\" src=\"https:\/\/www.sagesontour.ch\/wp-content\/uploads\/2022\/05\/tn_5-3.jpg\" class=\"attachment-large size-large\" alt=\"\" srcset=\"https:\/\/www.sagesontour.ch\/wp-content\/uploads\/2022\/05\/tn_5-3.jpg 510w, https:\/\/www.sagesontour.ch\/wp-content\/uploads\/2022\/05\/tn_5-3-300x200.jpg 300w\" sizes=\"(max-width: 510px) 100vw, 510px\" \/><\/a><\/div><div class=\"advgb-post-wrapper\"><h2 class=\"advgb-post-title\"><a href=\"https:\/\/www.sagesontour.ch\/?p=2101\">Donnerstag, 14. Juni 2018<\/a><\/h2><div class=\"advgb-post-content\"><div class=\"advgb-post-excerpt\">Welch&#8216; ein sch\u00f6ner Blick aus dem Hotelfenster heute Morgen! Da macht das Aufstehen doch gleich besonders viel Freude. Nach dem Fr\u00fchst\u00fcck machen wir un<\/div><div class=\"advgb-post-readmore\"><a href=\"https:\/\/www.sagesontour.ch\/?p=2101\">Weiterlesen<\/a><\/div><\/div><\/div><\/article><article class=\"advgb-recent-post\"><div class=\"advgb-post-thumbnail\"><a href=\"https:\/\/www.sagesontour.ch\/?p=2109\"><img decoding=\"async\" width=\"496\" height=\"340\" src=\"https:\/\/www.sagesontour.ch\/wp-content\/uploads\/2022\/05\/tn_9-3.jpg\" class=\"attachment-large size-large\" alt=\"\" srcset=\"https:\/\/www.sagesontour.ch\/wp-content\/uploads\/2022\/05\/tn_9-3.jpg 496w, https:\/\/www.sagesontour.ch\/wp-content\/uploads\/2022\/05\/tn_9-3-300x206.jpg 300w\" sizes=\"(max-width: 496px) 100vw, 496px\" \/><\/a><\/div><div class=\"advgb-post-wrapper\"><h2 class=\"advgb-post-title\"><a href=\"https:\/\/www.sagesontour.ch\/?p=2109\">Freitag, 15. Juni und Samstag, 16. Juni 2018<\/a><\/h2><div class=\"advgb-post-content\"><div class=\"advgb-post-excerpt\">Den Freitag nutzen wir f\u00fcr eine ausgiebige Shoppingtour. Macy&#8217;s, Gap, Old Navy und nat\u00fcrlich darf auch der NHL Store nicht fehlen. Als wir mehr oder w<\/div><div class=\"advgb-post-readmore\"><a href=\"https:\/\/www.sagesontour.ch\/?p=2109\">Weiterlesen<\/a><\/div><\/div><\/div><\/article><article class=\"advgb-recent-post\"><div class=\"advgb-post-thumbnail\"><a href=\"https:\/\/www.sagesontour.ch\/?p=2120\"><img loading=\"lazy\" decoding=\"async\" width=\"510\" height=\"340\" src=\"https:\/\/www.sagesontour.ch\/wp-content\/uploads\/2022\/05\/tn_13-2.jpg\" class=\"attachment-large size-large\" alt=\"\" srcset=\"https:\/\/www.sagesontour.ch\/wp-content\/uploads\/2022\/05\/tn_13-2.jpg 510w, https:\/\/www.sagesontour.ch\/wp-content\/uploads\/2022\/05\/tn_13-2-300x200.jpg 300w\" sizes=\"(max-width: 510px) 100vw, 510px\" \/><\/a><\/div><div class=\"advgb-post-wrapper\"><h2 class=\"advgb-post-title\"><a href=\"https:\/\/www.sagesontour.ch\/?p=2120\">Sonntag, 17. Juni 2018<\/a><\/h2><div class=\"advgb-post-content\"><div class=\"advgb-post-excerpt\">Happy Father&#8217;s Day! Wieder einmal sind wir an einem Vatertag in den Staaten. Allerdings ist es wohl der heisseste Vatertag, den wir erleben. Bereits u<\/div><div class=\"advgb-post-readmore\"><a href=\"https:\/\/www.sagesontour.ch\/?p=2120\">Weiterlesen<\/a><\/div><\/div><\/div><\/article><article class=\"advgb-recent-post\"><div class=\"advgb-post-thumbnail\"><a href=\"https:\/\/www.sagesontour.ch\/?p=2129\"><img loading=\"lazy\" decoding=\"async\" width=\"510\" height=\"340\" src=\"https:\/\/www.sagesontour.ch\/wp-content\/uploads\/2022\/05\/tn_19.jpg\" class=\"attachment-large size-large\" alt=\"\" srcset=\"https:\/\/www.sagesontour.ch\/wp-content\/uploads\/2022\/05\/tn_19.jpg 510w, https:\/\/www.sagesontour.ch\/wp-content\/uploads\/2022\/05\/tn_19-300x200.jpg 300w\" sizes=\"(max-width: 510px) 100vw, 510px\" \/><\/a><\/div><div class=\"advgb-post-wrapper\"><h2 class=\"advgb-post-title\"><a href=\"https:\/\/www.sagesontour.ch\/?p=2129\">Montag, 18. Juni 2018<\/a><\/h2><div class=\"advgb-post-content\"><div class=\"advgb-post-excerpt\">Hitzerekorde werden gebrochen und wir sind live dabei. Es hilft nichts, wir k\u00f6nnen ja nicht den ganzen Tag im gut klimatisierten Hotel verbringen. Als<\/div><div class=\"advgb-post-readmore\"><a href=\"https:\/\/www.sagesontour.ch\/?p=2129\">Weiterlesen<\/a><\/div><\/div><\/div><\/article><article class=\"advgb-recent-post\"><div class=\"advgb-post-thumbnail\"><a href=\"https:\/\/www.sagesontour.ch\/?p=2137\"><img loading=\"lazy\" decoding=\"async\" width=\"510\" height=\"340\" src=\"https:\/\/www.sagesontour.ch\/wp-content\/uploads\/2022\/05\/tn_21-2.jpg\" class=\"attachment-large size-large\" alt=\"\" srcset=\"https:\/\/www.sagesontour.ch\/wp-content\/uploads\/2022\/05\/tn_21-2.jpg 510w, https:\/\/www.sagesontour.ch\/wp-content\/uploads\/2022\/05\/tn_21-2-300x200.jpg 300w\" sizes=\"(max-width: 510px) 100vw, 510px\" \/><\/a><\/div><div class=\"advgb-post-wrapper\"><h2 class=\"advgb-post-title\"><a href=\"https:\/\/www.sagesontour.ch\/?p=2137\">Dienstag, 19. Juni 2018<\/a><\/h2><div class=\"advgb-post-content\"><div class=\"advgb-post-excerpt\">Bevor wir Baltimore verlassen, machen wir einen Abstecher nach Fells Point. 1726 siedelten sich hier Engl\u00e4nder an, die Schiffe bauten. So wurden in de<\/div><div class=\"advgb-post-readmore\"><a href=\"https:\/\/www.sagesontour.ch\/?p=2137\">Weiterlesen<\/a><\/div><\/div><\/div><\/article><article class=\"advgb-recent-post\"><div class=\"advgb-post-thumbnail\"><a href=\"https:\/\/www.sagesontour.ch\/?p=2145\"><img loading=\"lazy\" decoding=\"async\" width=\"510\" height=\"340\" src=\"https:\/\/www.sagesontour.ch\/wp-content\/uploads\/2022\/05\/tn_25-2.jpg\" class=\"attachment-large size-large\" alt=\"\" srcset=\"https:\/\/www.sagesontour.ch\/wp-content\/uploads\/2022\/05\/tn_25-2.jpg 510w, https:\/\/www.sagesontour.ch\/wp-content\/uploads\/2022\/05\/tn_25-2-300x200.jpg 300w\" sizes=\"(max-width: 510px) 100vw, 510px\" \/><\/a><\/div><div class=\"advgb-post-wrapper\"><h2 class=\"advgb-post-title\"><a href=\"https:\/\/www.sagesontour.ch\/?p=2145\">Mittwoch, 20. Juni 2018<\/a><\/h2><div class=\"advgb-post-content\"><div class=\"advgb-post-excerpt\">Mit dem Hopp on Hopp off-Sightseeingbus geht es heute zun\u00e4chst auf Erkundungstour. Philadelphia hat geschichtlich viel erlebt. Hier wurde die Unabh\u00e4ng<\/div><div class=\"advgb-post-readmore\"><a href=\"https:\/\/www.sagesontour.ch\/?p=2145\">Weiterlesen<\/a><\/div><\/div><\/div><\/article><article class=\"advgb-recent-post\"><div class=\"advgb-post-thumbnail\"><a href=\"https:\/\/www.sagesontour.ch\/?p=2152\"><img loading=\"lazy\" decoding=\"async\" width=\"510\" height=\"340\" src=\"https:\/\/www.sagesontour.ch\/wp-content\/uploads\/2022\/05\/tn_29-3.jpg\" class=\"attachment-large size-large\" alt=\"\" srcset=\"https:\/\/www.sagesontour.ch\/wp-content\/uploads\/2022\/05\/tn_29-3.jpg 510w, https:\/\/www.sagesontour.ch\/wp-content\/uploads\/2022\/05\/tn_29-3-300x200.jpg 300w\" sizes=\"(max-width: 510px) 100vw, 510px\" \/><\/a><\/div><div class=\"advgb-post-wrapper\"><h2 class=\"advgb-post-title\"><a href=\"https:\/\/www.sagesontour.ch\/?p=2152\">Donnerstag, 21. Juni 2018<\/a><\/h2><div class=\"advgb-post-content\"><div class=\"advgb-post-excerpt\">\u00dcber Nacht hat es geregnet und somit sind die Temperaturen nicht mehr ganz so heiss wie in den Tagen zuvor. Wir verlassen Philadelphia und fahren \u00fcber<\/div><div class=\"advgb-post-readmore\"><a href=\"https:\/\/www.sagesontour.ch\/?p=2152\">Weiterlesen<\/a><\/div><\/div><\/div><\/article><article class=\"advgb-recent-post\"><div class=\"advgb-post-thumbnail\"><a href=\"https:\/\/www.sagesontour.ch\/?p=2162\"><img loading=\"lazy\" decoding=\"async\" width=\"472\" height=\"340\" src=\"https:\/\/www.sagesontour.ch\/wp-content\/uploads\/2022\/05\/tn_35_.jpg\" class=\"attachment-large size-large\" alt=\"\" srcset=\"https:\/\/www.sagesontour.ch\/wp-content\/uploads\/2022\/05\/tn_35_.jpg 472w, https:\/\/www.sagesontour.ch\/wp-content\/uploads\/2022\/05\/tn_35_-300x216.jpg 300w\" sizes=\"(max-width: 472px) 100vw, 472px\" \/><\/a><\/div><div class=\"advgb-post-wrapper\"><h2 class=\"advgb-post-title\"><a href=\"https:\/\/www.sagesontour.ch\/?p=2162\">Freitag, 22. Juni 2018<\/a><\/h2><div class=\"advgb-post-content\"><div class=\"advgb-post-excerpt\">Heute beginnen wir den Tag mit einem ausgiebigen Fr\u00fchst\u00fcck im &#8218;Honey&#8217;s Farm Fresh&#8216; in Lewes. Nach dieser leckeren St\u00e4rkung verlassen wir den h\u00fcbschen <\/div><div class=\"advgb-post-readmore\"><a href=\"https:\/\/www.sagesontour.ch\/?p=2162\">Weiterlesen<\/a><\/div><\/div><\/div><\/article><article class=\"advgb-recent-post\"><div class=\"advgb-post-thumbnail\"><a href=\"https:\/\/www.sagesontour.ch\/?p=2171\"><img loading=\"lazy\" decoding=\"async\" width=\"463\" height=\"340\" src=\"https:\/\/www.sagesontour.ch\/wp-content\/uploads\/2022\/05\/tn_37-2.jpg\" class=\"attachment-large size-large\" alt=\"\" srcset=\"https:\/\/www.sagesontour.ch\/wp-content\/uploads\/2022\/05\/tn_37-2.jpg 463w, https:\/\/www.sagesontour.ch\/wp-content\/uploads\/2022\/05\/tn_37-2-300x220.jpg 300w\" sizes=\"(max-width: 463px) 100vw, 463px\" \/><\/a><\/div><div class=\"advgb-post-wrapper\"><h2 class=\"advgb-post-title\"><a href=\"https:\/\/www.sagesontour.ch\/?p=2171\">Samstag, 23. Juni 2018<\/a><\/h2><div class=\"advgb-post-content\"><div class=\"advgb-post-excerpt\">Wer meint, dass der Regen Abk\u00fchlung gebracht hat, irrt. Die Luft ist noch stickiger und schw\u00fcler geworden. Dies scheinen auch unsere K\u00f6rper zu finden,<\/div><div class=\"advgb-post-readmore\"><a href=\"https:\/\/www.sagesontour.ch\/?p=2171\">Weiterlesen<\/a><\/div><\/div><\/div><\/article><article class=\"advgb-recent-post\"><div class=\"advgb-post-thumbnail\"><a href=\"https:\/\/www.sagesontour.ch\/?p=2190\"><img loading=\"lazy\" decoding=\"async\" width=\"510\" height=\"340\" src=\"https:\/\/www.sagesontour.ch\/wp-content\/uploads\/2022\/05\/tn_41-1.jpg\" class=\"attachment-large size-large\" alt=\"\" srcset=\"https:\/\/www.sagesontour.ch\/wp-content\/uploads\/2022\/05\/tn_41-1.jpg 510w, https:\/\/www.sagesontour.ch\/wp-content\/uploads\/2022\/05\/tn_41-1-300x200.jpg 300w\" sizes=\"(max-width: 510px) 100vw, 510px\" \/><\/a><\/div><div class=\"advgb-post-wrapper\"><h2 class=\"advgb-post-title\"><a href=\"https:\/\/www.sagesontour.ch\/?p=2190\">Sonntag, 24. Juni 2018<\/a><\/h2><div class=\"advgb-post-content\"><div class=\"advgb-post-excerpt\">Heute Morgen sind wir bereits fr\u00fch wach. Nach dem Fr\u00fchst\u00fcck, welches f\u00fcr amerikanische Verh\u00e4ltnisse in Hotels schon fast luxuri\u00f6s ist, starten wir uns<\/div><div class=\"advgb-post-readmore\"><a href=\"https:\/\/www.sagesontour.ch\/?p=2190\">Weiterlesen<\/a><\/div><\/div><\/div><\/article><article class=\"advgb-recent-post\"><div class=\"advgb-post-thumbnail\"><a href=\"https:\/\/www.sagesontour.ch\/?p=2199\"><img loading=\"lazy\" decoding=\"async\" width=\"510\" height=\"340\" src=\"https:\/\/www.sagesontour.ch\/wp-content\/uploads\/2022\/05\/tn_45-2.jpg\" class=\"attachment-large size-large\" alt=\"\" srcset=\"https:\/\/www.sagesontour.ch\/wp-content\/uploads\/2022\/05\/tn_45-2.jpg 510w, https:\/\/www.sagesontour.ch\/wp-content\/uploads\/2022\/05\/tn_45-2-300x200.jpg 300w\" sizes=\"(max-width: 510px) 100vw, 510px\" \/><\/a><\/div><div class=\"advgb-post-wrapper\"><h2 class=\"advgb-post-title\"><a href=\"https:\/\/www.sagesontour.ch\/?p=2199\">Montag, 25. Juni 2018<\/a><\/h2><div class=\"advgb-post-content\"><div class=\"advgb-post-excerpt\">Gleich nach dem Fr\u00fchst\u00fcck, welches unter der Woche bereits um 6.30 Uhr gereicht wird, machen wir uns auf den Weg zum White House. Das eher unscheinbar<\/div><div class=\"advgb-post-readmore\"><a href=\"https:\/\/www.sagesontour.ch\/?p=2199\">Weiterlesen<\/a><\/div><\/div><\/div><\/article><article class=\"advgb-recent-post\"><div class=\"advgb-post-thumbnail\"><a href=\"https:\/\/www.sagesontour.ch\/?p=2207\"><img loading=\"lazy\" decoding=\"async\" width=\"510\" height=\"340\" src=\"https:\/\/www.sagesontour.ch\/wp-content\/uploads\/2022\/05\/tn_50-1.jpg\" class=\"attachment-large size-large\" alt=\"\" srcset=\"https:\/\/www.sagesontour.ch\/wp-content\/uploads\/2022\/05\/tn_50-1.jpg 510w, https:\/\/www.sagesontour.ch\/wp-content\/uploads\/2022\/05\/tn_50-1-300x200.jpg 300w\" sizes=\"(max-width: 510px) 100vw, 510px\" \/><\/a><\/div><div class=\"advgb-post-wrapper\"><h2 class=\"advgb-post-title\"><a href=\"https:\/\/www.sagesontour.ch\/?p=2207\">Dienstag, 26. Juni 2018<\/a><\/h2><div class=\"advgb-post-content\"><div class=\"advgb-post-excerpt\">Bei sch\u00f6nstem Wetter verlassen wir die Hauptstadt der USA. Es waren grossartige Eindr\u00fccke, die wir erlebt haben. Wenn es sich irgendwann ergibt, werde<\/div><div class=\"advgb-post-readmore\"><a href=\"https:\/\/www.sagesontour.ch\/?p=2207\">Weiterlesen<\/a><\/div><\/div><\/div><\/article><article class=\"advgb-recent-post\"><div class=\"advgb-post-thumbnail\"><a href=\"https:\/\/www.sagesontour.ch\/?p=2215\"><img loading=\"lazy\" decoding=\"async\" width=\"510\" height=\"340\" src=\"https:\/\/www.sagesontour.ch\/wp-content\/uploads\/2022\/05\/tn_55.jpg\" class=\"attachment-large size-large\" alt=\"\" srcset=\"https:\/\/www.sagesontour.ch\/wp-content\/uploads\/2022\/05\/tn_55.jpg 510w, https:\/\/www.sagesontour.ch\/wp-content\/uploads\/2022\/05\/tn_55-300x200.jpg 300w\" sizes=\"(max-width: 510px) 100vw, 510px\" \/><\/a><\/div><div class=\"advgb-post-wrapper\"><h2 class=\"advgb-post-title\"><a href=\"https:\/\/www.sagesontour.ch\/?p=2215\">Mittwoch, 27. Juni 2018<\/a><\/h2><div class=\"advgb-post-content\"><div class=\"advgb-post-excerpt\">Goodbye Virgina, hello North Carolina! Zun\u00e4chst fahren wir auf der Interstate 264, die sp\u00e4ter zur 64 wird, in Richtung S\u00fcden; irgendwann wird aus der <\/div><div class=\"advgb-post-readmore\"><a href=\"https:\/\/www.sagesontour.ch\/?p=2215\">Weiterlesen<\/a><\/div><\/div><\/div><\/article><article class=\"advgb-recent-post\"><div class=\"advgb-post-thumbnail\"><a href=\"https:\/\/www.sagesontour.ch\/?p=2223\"><img loading=\"lazy\" decoding=\"async\" width=\"528\" height=\"340\" src=\"https:\/\/www.sagesontour.ch\/wp-content\/uploads\/2022\/05\/tn_57-2.jpg\" class=\"attachment-large size-large\" alt=\"\" srcset=\"https:\/\/www.sagesontour.ch\/wp-content\/uploads\/2022\/05\/tn_57-2.jpg 528w, https:\/\/www.sagesontour.ch\/wp-content\/uploads\/2022\/05\/tn_57-2-300x193.jpg 300w\" sizes=\"(max-width: 528px) 100vw, 528px\" \/><\/a><\/div><div class=\"advgb-post-wrapper\"><h2 class=\"advgb-post-title\"><a href=\"https:\/\/www.sagesontour.ch\/?p=2223\">Donnerstag, 28. Juni 2018<\/a><\/h2><div class=\"advgb-post-content\"><div class=\"advgb-post-excerpt\">Zum Fr\u00fchst\u00fcck an den Strand! Haben wir alles? Badehose, Handtuch, Kaffee und &#8230; ach ja, das Auto! W\u00e4hrend manche Nationen den Strand mit dem Badetuch<\/div><div class=\"advgb-post-readmore\"><a href=\"https:\/\/www.sagesontour.ch\/?p=2223\">Weiterlesen<\/a><\/div><\/div><\/div><\/article><article class=\"advgb-recent-post\"><div class=\"advgb-post-thumbnail\"><a href=\"https:\/\/www.sagesontour.ch\/?p=2231\"><img loading=\"lazy\" decoding=\"async\" width=\"510\" height=\"340\" src=\"https:\/\/www.sagesontour.ch\/wp-content\/uploads\/2022\/05\/tn_61-1.jpg\" class=\"attachment-large size-large\" alt=\"\" srcset=\"https:\/\/www.sagesontour.ch\/wp-content\/uploads\/2022\/05\/tn_61-1.jpg 510w, https:\/\/www.sagesontour.ch\/wp-content\/uploads\/2022\/05\/tn_61-1-300x200.jpg 300w\" sizes=\"(max-width: 510px) 100vw, 510px\" \/><\/a><\/div><div class=\"advgb-post-wrapper\"><h2 class=\"advgb-post-title\"><a href=\"https:\/\/www.sagesontour.ch\/?p=2231\">Freitag, 29. Juni 2018<\/a><\/h2><div class=\"advgb-post-content\"><div class=\"advgb-post-excerpt\">Zun\u00e4chst einmal fahren wir noch ein wenig auf der Strasse Nr. 58 auf der Emerald Isle, bevor wir dann auf den Highway 17 wechseln, der uns immer weite<\/div><div class=\"advgb-post-readmore\"><a href=\"https:\/\/www.sagesontour.ch\/?p=2231\">Weiterlesen<\/a><\/div><\/div><\/div><\/article><article class=\"advgb-recent-post\"><div class=\"advgb-post-thumbnail\"><a href=\"https:\/\/www.sagesontour.ch\/?p=2242\"><img loading=\"lazy\" decoding=\"async\" width=\"510\" height=\"340\" src=\"https:\/\/www.sagesontour.ch\/wp-content\/uploads\/2022\/05\/tn_66-1.jpg\" class=\"attachment-large size-large\" alt=\"\" srcset=\"https:\/\/www.sagesontour.ch\/wp-content\/uploads\/2022\/05\/tn_66-1.jpg 510w, https:\/\/www.sagesontour.ch\/wp-content\/uploads\/2022\/05\/tn_66-1-300x200.jpg 300w\" sizes=\"(max-width: 510px) 100vw, 510px\" \/><\/a><\/div><div class=\"advgb-post-wrapper\"><h2 class=\"advgb-post-title\"><a href=\"https:\/\/www.sagesontour.ch\/?p=2242\">Samstag, 30. Juni 2018<\/a><\/h2><div class=\"advgb-post-content\"><div class=\"advgb-post-excerpt\">Als wir heute Morgen starten, \u00f6ffnet der Himmel seine Schleusen und l\u00e4sst erst einmal einen ordentlichen Regenguss auf uns herniederprasseln. Bis wir <\/div><div class=\"advgb-post-readmore\"><a href=\"https:\/\/www.sagesontour.ch\/?p=2242\">Weiterlesen<\/a><\/div><\/div><\/div><\/article><article class=\"advgb-recent-post\"><div class=\"advgb-post-thumbnail\"><a href=\"https:\/\/www.sagesontour.ch\/?p=2250\"><img loading=\"lazy\" decoding=\"async\" width=\"510\" height=\"340\" src=\"https:\/\/www.sagesontour.ch\/wp-content\/uploads\/2022\/05\/tn_71.jpg\" class=\"attachment-large size-large\" alt=\"\" srcset=\"https:\/\/www.sagesontour.ch\/wp-content\/uploads\/2022\/05\/tn_71.jpg 510w, https:\/\/www.sagesontour.ch\/wp-content\/uploads\/2022\/05\/tn_71-300x200.jpg 300w\" sizes=\"(max-width: 510px) 100vw, 510px\" \/><\/a><\/div><div class=\"advgb-post-wrapper\"><h2 class=\"advgb-post-title\"><a href=\"https:\/\/www.sagesontour.ch\/?p=2250\">Sonntag, 01. Juli und Montag, 02. Juli 2018<\/a><\/h2><div class=\"advgb-post-content\"><div class=\"advgb-post-excerpt\">Den Sonntag verbringen wir haupts\u00e4chlich auf den Autobahnen. Zun\u00e4chst fahren wir die Interstate 26 bis Columbia, der Hauptstadt von South Carolina, do<\/div><div class=\"advgb-post-readmore\"><a href=\"https:\/\/www.sagesontour.ch\/?p=2250\">Weiterlesen<\/a><\/div><\/div><\/div><\/article><article class=\"advgb-recent-post\"><div class=\"advgb-post-thumbnail\"><a href=\"https:\/\/www.sagesontour.ch\/?p=2268\"><img loading=\"lazy\" decoding=\"async\" width=\"510\" height=\"340\" src=\"https:\/\/www.sagesontour.ch\/wp-content\/uploads\/2022\/05\/tn_76-1.jpg\" class=\"attachment-large size-large\" alt=\"\" srcset=\"https:\/\/www.sagesontour.ch\/wp-content\/uploads\/2022\/05\/tn_76-1.jpg 510w, https:\/\/www.sagesontour.ch\/wp-content\/uploads\/2022\/05\/tn_76-1-300x200.jpg 300w\" sizes=\"(max-width: 510px) 100vw, 510px\" \/><\/a><\/div><div class=\"advgb-post-wrapper\"><h2 class=\"advgb-post-title\"><a href=\"https:\/\/www.sagesontour.ch\/?p=2268\">Dienstag, 03. Juli 2018<\/a><\/h2><div class=\"advgb-post-content\"><div class=\"advgb-post-excerpt\">Ausgeschlafen machen wir uns auf den Weg nach Nashville. Dies bedeutet zwar wiederum, dass wir auf der Interstate 40 fahren m\u00fcssen, aber somit knacken<\/div><div class=\"advgb-post-readmore\"><a href=\"https:\/\/www.sagesontour.ch\/?p=2268\">Weiterlesen<\/a><\/div><\/div><\/div><\/article><article class=\"advgb-recent-post\"><div class=\"advgb-post-thumbnail\"><a href=\"https:\/\/www.sagesontour.ch\/?p=2280\"><img loading=\"lazy\" decoding=\"async\" width=\"423\" height=\"340\" src=\"https:\/\/www.sagesontour.ch\/wp-content\/uploads\/2022\/05\/tn_79.jpg\" class=\"attachment-large size-large\" alt=\"\" srcset=\"https:\/\/www.sagesontour.ch\/wp-content\/uploads\/2022\/05\/tn_79.jpg 423w, https:\/\/www.sagesontour.ch\/wp-content\/uploads\/2022\/05\/tn_79-300x241.jpg 300w\" sizes=\"(max-width: 423px) 100vw, 423px\" \/><\/a><\/div><div class=\"advgb-post-wrapper\"><h2 class=\"advgb-post-title\"><a href=\"https:\/\/www.sagesontour.ch\/?p=2280\">Mittwoch, 04. Juli 2018<\/a><\/h2><div class=\"advgb-post-content\"><div class=\"advgb-post-excerpt\">Happy Independence Day! Man k\u00f6nnte meinen, die Bars inklusive Live-K\u00fcnstler, haben die Nacht durchgemacht. So, wie wir den Broadway verlassen haben, s<\/div><div class=\"advgb-post-readmore\"><a href=\"https:\/\/www.sagesontour.ch\/?p=2280\">Weiterlesen<\/a><\/div><\/div><\/div><\/article><\/div><\/div>","protected":false},"excerpt":{"rendered":"<p>New York City, Washington D.C., Southeast, viel Geschichte, Natur und Country vom 13. Juni bis 15. Juli 2018 2018 haben wir uns eine Auszeit von 4 1\/2 Wochen geg\u00f6nnt. Diesmal blieben wir ausschliesslich in den USA und machten einen roundtrip von New York City, nach Baltimore, Philadelphia, Washington D.C., Nashville und wieder zur\u00fcck nach New York. Dabei durchfuhren wir 10 Bundesstaaten. Zum Unabh\u00e4ngigkeitstag der USA waren wir in Nashville und feierten ausgelassen mit.<\/p>\n","protected":false},"author":1,"featured_media":0,"parent":0,"menu_order":0,"comment_status":"closed","ping_status":"closed","template":"","meta":{"advgb_blocks_editor_width":"","advgb_blocks_columns_visual_guide":"","ghostkit_customizer_options":"","ghostkit_custom_css":"","ghostkit_custom_js_head":"","ghostkit_custom_js_foot":"","ghostkit_typography":"","footnotes":""},"class_list":["post-2088","page","type-page","status-publish","hentry"],"coauthors":[],"author_meta":{"author_link":"https:\/\/www.sagesontour.ch\/?author=1","display_name":"sagesontour.ch"},"relative_dates":{"created":"Posted 8\u00a0Jahren ago","modified":"Updated 4\u00a0Jahren ago"},"absolute_dates":{"created":"Posted on Mai 16, 2018","modified":"Updated on Juli 13, 2022"},"absolute_dates_time":{"created":"Posted on Mai 16, 2018 10:10 a.m.","modified":"Updated on Juli 13, 2022 8:22 a.m."},"featured_img_caption":"","featured_img":false,"series_order":"","acf":[],"_links":{"self":[{"href":"https:\/\/www.sagesontour.ch\/index.php?rest_route=\/wp\/v2\/pages\/2088","targetHints":{"allow":["GET"]}}],"collection":[{"href":"https:\/\/www.sagesontour.ch\/index.php?rest_route=\/wp\/v2\/pages"}],"about":[{"href":"https:\/\/www.sagesontour.ch\/index.php?rest_route=\/wp\/v2\/types\/page"}],"author":[{"embeddable":true,"href":"https:\/\/www.sagesontour.ch\/index.php?rest_route=\/wp\/v2\/users\/1"}],"replies":[{"embeddable":true,"href":"https:\/\/www.sagesontour.ch\/index.php?rest_route=%2Fwp%2Fv2%2Fcomments&post=2088"}],"version-history":[{"count":9,"href":"https:\/\/www.sagesontour.ch\/index.php?rest_route=\/wp\/v2\/pages\/2088\/revisions"}],"predecessor-version":[{"id":3147,"href":"https:\/\/www.sagesontour.ch\/index.php?rest_route=\/wp\/v2\/pages\/2088\/revisions\/3147"}],"wp:attachment":[{"href":"https:\/\/www.sagesontour.ch\/index.php?rest_route=%2Fwp%2Fv2%2Fmedia&parent=2088"}],"curies":[{"name":"wp","href":"https:\/\/api.w.org\/{rel}","templated":true}]}}