{"id":1703,"date":"2015-06-10T09:29:09","date_gmt":"2015-06-10T09:29:09","guid":{"rendered":"https:\/\/www.sagesontour.ch\/?page_id=1703"},"modified":"2022-05-21T16:35:26","modified_gmt":"2022-05-21T16:35:26","slug":"usa-canada-2015","status":"publish","type":"page","link":"https:\/\/www.sagesontour.ch\/?page_id=1703","title":{"rendered":"USA &#038; Canada 2015"},"content":{"rendered":"<h3 style=\"text-align: center;\">Illinois, Alberta, Iowa, Wisconsin &amp; U2 vom<\/h3>\n<h3 style=\"text-align: center;\">11. Juni bis 3. Juli 2015<\/h3>\n<p>Im Jahr 2015 waren wir wieder in den USA. Diesmal verschlug es uns in die Region Chicago. Grund f\u00fcr die Reise war das U2-Konzert in Chicago. Aber wir machten auch einen kleinen Abstecher nach Canada und besuchten Onkel Alfons und Inga, ehe wir zur\u00fcck nach Chicago flogen, um dort Illinois, Wisconsin und Iowa etwas n\u00e4her zu erkunden.<\/p>\n<p><\/p>\n\n<div class=\"advgb-recent-posts-block grid-view columns-2 recent-posts-4de40917-46f4-4ccb-a7b9-865f86318343\"><div class=\"advgb-recent-posts\"><article class=\"advgb-recent-post\"><div class=\"advgb-post-thumbnail\"><a href=\"https:\/\/www.sagesontour.ch\/?p=1905\"><img fetchpriority=\"high\" decoding=\"async\" width=\"510\" height=\"340\" src=\"https:\/\/www.sagesontour.ch\/wp-content\/uploads\/2022\/05\/tn_1-2.jpg\" class=\"attachment-large size-large\" alt=\"\" srcset=\"https:\/\/www.sagesontour.ch\/wp-content\/uploads\/2022\/05\/tn_1-2.jpg 510w, https:\/\/www.sagesontour.ch\/wp-content\/uploads\/2022\/05\/tn_1-2-300x200.jpg 300w\" sizes=\"(max-width: 510px) 100vw, 510px\" \/><\/a><\/div><div class=\"advgb-post-wrapper\"><h2 class=\"advgb-post-title\"><a href=\"https:\/\/www.sagesontour.ch\/?p=1905\">Donnerstag, 11. Juni 2015<\/a><\/h2><div class=\"advgb-post-content\"><div class=\"advgb-post-excerpt\">Boarding 9:10 Uhr! C\u00fcpli 9:20 Uhr! Ready for take off 9:45 Uhr! Wir heben ab 10:00 Uhr! \u00dcber den Wolken 10:15 Uhr! Schweizer P\u00fcnktlichkeit! Allerdings<\/div><div class=\"advgb-post-readmore\"><a href=\"https:\/\/www.sagesontour.ch\/?p=1905\">Weiterlesen<\/a><\/div><\/div><\/div><\/article><article class=\"advgb-recent-post\"><div class=\"advgb-post-thumbnail\"><a href=\"https:\/\/www.sagesontour.ch\/?p=1908\"><img decoding=\"async\" width=\"510\" height=\"340\" src=\"https:\/\/www.sagesontour.ch\/wp-content\/uploads\/2022\/05\/tn_5-2.jpg\" class=\"attachment-large size-large\" alt=\"\" srcset=\"https:\/\/www.sagesontour.ch\/wp-content\/uploads\/2022\/05\/tn_5-2.jpg 510w, https:\/\/www.sagesontour.ch\/wp-content\/uploads\/2022\/05\/tn_5-2-300x200.jpg 300w\" sizes=\"(max-width: 510px) 100vw, 510px\" \/><\/a><\/div><div class=\"advgb-post-wrapper\"><h2 class=\"advgb-post-title\"><a href=\"https:\/\/www.sagesontour.ch\/?p=1908\">Freitag, 12. Juni und Samstag, 13. Juni 2015<\/a><\/h2><div class=\"advgb-post-content\"><div class=\"advgb-post-excerpt\">Am Freitag sind wir schon 3:45 Uhr wach. Wir duschen und packen die Koffer, denn um halb 6 haben wir das Taxi bestellt, das uns zum Flughafen bringt. <\/div><div class=\"advgb-post-readmore\"><a href=\"https:\/\/www.sagesontour.ch\/?p=1908\">Weiterlesen<\/a><\/div><\/div><\/div><\/article><article class=\"advgb-recent-post\"><div class=\"advgb-post-thumbnail\"><a href=\"https:\/\/www.sagesontour.ch\/?p=1916\"><img decoding=\"async\" width=\"510\" height=\"340\" src=\"https:\/\/www.sagesontour.ch\/wp-content\/uploads\/2022\/05\/tn_9-2.jpg\" class=\"attachment-large size-large\" alt=\"\" srcset=\"https:\/\/www.sagesontour.ch\/wp-content\/uploads\/2022\/05\/tn_9-2.jpg 510w, https:\/\/www.sagesontour.ch\/wp-content\/uploads\/2022\/05\/tn_9-2-300x200.jpg 300w\" sizes=\"(max-width: 510px) 100vw, 510px\" \/><\/a><\/div><div class=\"advgb-post-wrapper\"><h2 class=\"advgb-post-title\"><a href=\"https:\/\/www.sagesontour.ch\/?p=1916\">Sonntag, 14. Juni und Montag, 15. Juni 2015<\/a><\/h2><div class=\"advgb-post-content\"><div class=\"advgb-post-excerpt\">Der Sonntag ist schnell erz\u00e4hlt. Shoppen, Shoppen und nochmals Shoppen. Im riesigen CrossIron Mills reihen sich Shops an Shops und so f\u00fcllen sich auch<\/div><div class=\"advgb-post-readmore\"><a href=\"https:\/\/www.sagesontour.ch\/?p=1916\">Weiterlesen<\/a><\/div><\/div><\/div><\/article><article class=\"advgb-recent-post\"><div class=\"advgb-post-thumbnail\"><a href=\"https:\/\/www.sagesontour.ch\/?p=1931\"><img loading=\"lazy\" decoding=\"async\" width=\"510\" height=\"340\" src=\"https:\/\/www.sagesontour.ch\/wp-content\/uploads\/2022\/05\/tn_13-1.jpg\" class=\"attachment-large size-large\" alt=\"\" srcset=\"https:\/\/www.sagesontour.ch\/wp-content\/uploads\/2022\/05\/tn_13-1.jpg 510w, https:\/\/www.sagesontour.ch\/wp-content\/uploads\/2022\/05\/tn_13-1-300x200.jpg 300w\" sizes=\"(max-width: 510px) 100vw, 510px\" \/><\/a><\/div><div class=\"advgb-post-wrapper\"><h2 class=\"advgb-post-title\"><a href=\"https:\/\/www.sagesontour.ch\/?p=1931\">Dienstag, 16. Juni und Mittwoch, 17. Juni 2015<\/a><\/h2><div class=\"advgb-post-content\"><div class=\"advgb-post-excerpt\">Am Dienstag fahren wir bei sch\u00f6nstem Wetter in Jasper ab. Auf dem ebenso sch\u00f6nen Highway 93 geht&#8217;s zur\u00fcck in Richtung Calgary. Wir stoppen bei ein paa<\/div><div class=\"advgb-post-readmore\"><a href=\"https:\/\/www.sagesontour.ch\/?p=1931\">Weiterlesen<\/a><\/div><\/div><\/div><\/article><article class=\"advgb-recent-post\"><div class=\"advgb-post-thumbnail\"><a href=\"https:\/\/www.sagesontour.ch\/?p=1939\"><img loading=\"lazy\" decoding=\"async\" width=\"432\" height=\"340\" src=\"https:\/\/www.sagesontour.ch\/wp-content\/uploads\/2022\/05\/tn_17-2.jpg\" class=\"attachment-large size-large\" alt=\"\" srcset=\"https:\/\/www.sagesontour.ch\/wp-content\/uploads\/2022\/05\/tn_17-2.jpg 432w, https:\/\/www.sagesontour.ch\/wp-content\/uploads\/2022\/05\/tn_17-2-300x236.jpg 300w\" sizes=\"(max-width: 432px) 100vw, 432px\" \/><\/a><\/div><div class=\"advgb-post-wrapper\"><h2 class=\"advgb-post-title\"><a href=\"https:\/\/www.sagesontour.ch\/?p=1939\">Donnerstag, 18. Juni 2015<\/a><\/h2><div class=\"advgb-post-content\"><div class=\"advgb-post-excerpt\">Nachdem wir erfahren haben, dass heute um 10:00 Uhr die Parade der Blackhawks stattfindet, entschieden wir uns spontan, eine Nacht l\u00e4nger zu bleiben. <\/div><div class=\"advgb-post-readmore\"><a href=\"https:\/\/www.sagesontour.ch\/?p=1939\">Weiterlesen<\/a><\/div><\/div><\/div><\/article><article class=\"advgb-recent-post\"><div class=\"advgb-post-thumbnail\"><a href=\"https:\/\/www.sagesontour.ch\/?p=1947\"><img loading=\"lazy\" decoding=\"async\" width=\"510\" height=\"340\" src=\"https:\/\/www.sagesontour.ch\/wp-content\/uploads\/2022\/05\/tn_21-1.jpg\" class=\"attachment-large size-large\" alt=\"\" srcset=\"https:\/\/www.sagesontour.ch\/wp-content\/uploads\/2022\/05\/tn_21-1.jpg 510w, https:\/\/www.sagesontour.ch\/wp-content\/uploads\/2022\/05\/tn_21-1-300x200.jpg 300w\" sizes=\"(max-width: 510px) 100vw, 510px\" \/><\/a><\/div><div class=\"advgb-post-wrapper\"><h2 class=\"advgb-post-title\"><a href=\"https:\/\/www.sagesontour.ch\/?p=1947\">Freitag, 19. Juni 2015<\/a><\/h2><div class=\"advgb-post-content\"><div class=\"advgb-post-excerpt\">Bei sch\u00f6nstem Wetter verlassen wir Chicago in Richtung Westen. Auf dem Ronald Reagan Memorial Expressway respektive der Interstate 88 geht es zum Miss<\/div><div class=\"advgb-post-readmore\"><a href=\"https:\/\/www.sagesontour.ch\/?p=1947\">Weiterlesen<\/a><\/div><\/div><\/div><\/article><article class=\"advgb-recent-post\"><div class=\"advgb-post-thumbnail\"><a href=\"https:\/\/www.sagesontour.ch\/?p=1955\"><img loading=\"lazy\" decoding=\"async\" width=\"510\" height=\"340\" src=\"https:\/\/www.sagesontour.ch\/wp-content\/uploads\/2022\/05\/tn_26.jpg\" class=\"attachment-large size-large\" alt=\"\" srcset=\"https:\/\/www.sagesontour.ch\/wp-content\/uploads\/2022\/05\/tn_26.jpg 510w, https:\/\/www.sagesontour.ch\/wp-content\/uploads\/2022\/05\/tn_26-300x200.jpg 300w\" sizes=\"(max-width: 510px) 100vw, 510px\" \/><\/a><\/div><div class=\"advgb-post-wrapper\"><h2 class=\"advgb-post-title\"><a href=\"https:\/\/www.sagesontour.ch\/?p=1955\">Samstag, 20. Juni 2015<\/a><\/h2><div class=\"advgb-post-content\"><div class=\"advgb-post-excerpt\">Nachdem der gestrige Tag so sch\u00f6n war, zeigt sich heute der Himmel \u00fcber Wisconsin wolkenverhangen. Als wir fertig zur Abreise sind, geht ein ordentlic<\/div><div class=\"advgb-post-readmore\"><a href=\"https:\/\/www.sagesontour.ch\/?p=1955\">Weiterlesen<\/a><\/div><\/div><\/div><\/article><article class=\"advgb-recent-post\"><div class=\"advgb-post-thumbnail\"><a href=\"https:\/\/www.sagesontour.ch\/?p=1963\"><img loading=\"lazy\" decoding=\"async\" width=\"510\" height=\"340\" src=\"https:\/\/www.sagesontour.ch\/wp-content\/uploads\/2022\/05\/tn_29-2.jpg\" class=\"attachment-large size-large\" alt=\"\" srcset=\"https:\/\/www.sagesontour.ch\/wp-content\/uploads\/2022\/05\/tn_29-2.jpg 510w, https:\/\/www.sagesontour.ch\/wp-content\/uploads\/2022\/05\/tn_29-2-300x200.jpg 300w\" sizes=\"(max-width: 510px) 100vw, 510px\" \/><\/a><\/div><div class=\"advgb-post-wrapper\"><h2 class=\"advgb-post-title\"><a href=\"https:\/\/www.sagesontour.ch\/?p=1963\">Sonntag, 21. Juni 2015<\/a><\/h2><div class=\"advgb-post-content\"><div class=\"advgb-post-excerpt\">Happy Father&#8217;s Day! Heute wird in Nordamerika der Vatertag gefeiert, dies geschieht allerdings nicht mit Bollerwagen und Unmengen an Alkohol, sondern <\/div><div class=\"advgb-post-readmore\"><a href=\"https:\/\/www.sagesontour.ch\/?p=1963\">Weiterlesen<\/a><\/div><\/div><\/div><\/article><article class=\"advgb-recent-post\"><div class=\"advgb-post-thumbnail\"><a href=\"https:\/\/www.sagesontour.ch\/?p=1971\"><img loading=\"lazy\" decoding=\"async\" width=\"510\" height=\"340\" src=\"https:\/\/www.sagesontour.ch\/wp-content\/uploads\/2022\/05\/tn_33-2.jpg\" class=\"attachment-large size-large\" alt=\"\" srcset=\"https:\/\/www.sagesontour.ch\/wp-content\/uploads\/2022\/05\/tn_33-2.jpg 510w, https:\/\/www.sagesontour.ch\/wp-content\/uploads\/2022\/05\/tn_33-2-300x200.jpg 300w\" sizes=\"(max-width: 510px) 100vw, 510px\" \/><\/a><\/div><div class=\"advgb-post-wrapper\"><h2 class=\"advgb-post-title\"><a href=\"https:\/\/www.sagesontour.ch\/?p=1971\">Montag, 22. Juni 2015<\/a><\/h2><div class=\"advgb-post-content\"><div class=\"advgb-post-excerpt\">Wir erwachen bei sch\u00f6nstem Sonnenschein, allerdings hat der Wettermann im TV nichts Gutes zu berichten; Thunderstorms, die stellenweise Tornadost\u00e4rke <\/div><div class=\"advgb-post-readmore\"><a href=\"https:\/\/www.sagesontour.ch\/?p=1971\">Weiterlesen<\/a><\/div><\/div><\/div><\/article><article class=\"advgb-recent-post\"><div class=\"advgb-post-thumbnail\"><a href=\"https:\/\/www.sagesontour.ch\/?p=1982\"><img loading=\"lazy\" decoding=\"async\" width=\"484\" height=\"340\" src=\"https:\/\/www.sagesontour.ch\/wp-content\/uploads\/2022\/05\/tn_37-1.jpg\" class=\"attachment-large size-large\" alt=\"\" srcset=\"https:\/\/www.sagesontour.ch\/wp-content\/uploads\/2022\/05\/tn_37-1.jpg 484w, https:\/\/www.sagesontour.ch\/wp-content\/uploads\/2022\/05\/tn_37-1-300x211.jpg 300w\" sizes=\"(max-width: 484px) 100vw, 484px\" \/><\/a><\/div><div class=\"advgb-post-wrapper\"><h2 class=\"advgb-post-title\"><a href=\"https:\/\/www.sagesontour.ch\/?p=1982\">Dienstag, 23. Juni 2015<\/a><\/h2><div class=\"advgb-post-content\"><div class=\"advgb-post-excerpt\">Heute haben wir ein bisschen l\u00e4nger geschlafen; das ist aber nicht weiter schlimm, denn der Milwaukee Public Market \u00f6ffnet erst um 10:00 Uhr seine Pfo<\/div><div class=\"advgb-post-readmore\"><a href=\"https:\/\/www.sagesontour.ch\/?p=1982\">Weiterlesen<\/a><\/div><\/div><\/div><\/article><article class=\"advgb-recent-post\"><div class=\"advgb-post-thumbnail\"><a href=\"https:\/\/www.sagesontour.ch\/?p=1990\"><img loading=\"lazy\" decoding=\"async\" width=\"510\" height=\"340\" src=\"https:\/\/www.sagesontour.ch\/wp-content\/uploads\/2022\/05\/tn_41.jpg\" class=\"attachment-large size-large\" alt=\"\" srcset=\"https:\/\/www.sagesontour.ch\/wp-content\/uploads\/2022\/05\/tn_41.jpg 510w, https:\/\/www.sagesontour.ch\/wp-content\/uploads\/2022\/05\/tn_41-300x200.jpg 300w\" sizes=\"(max-width: 510px) 100vw, 510px\" \/><\/a><\/div><div class=\"advgb-post-wrapper\"><h2 class=\"advgb-post-title\"><a href=\"https:\/\/www.sagesontour.ch\/?p=1990\">Mittwoch, 24. Juni 2015<\/a><\/h2><div class=\"advgb-post-content\"><div class=\"advgb-post-excerpt\">Wir bleiben sportlich, wechseln aber von Baseball zu Football. Weil im Lambeau Field in Green Bay am Wochenende ein riesiges Country-Konzert war und d<\/div><div class=\"advgb-post-readmore\"><a href=\"https:\/\/www.sagesontour.ch\/?p=1990\">Weiterlesen<\/a><\/div><\/div><\/div><\/article><article class=\"advgb-recent-post\"><div class=\"advgb-post-thumbnail\"><a href=\"https:\/\/www.sagesontour.ch\/?p=1998\"><img loading=\"lazy\" decoding=\"async\" width=\"510\" height=\"340\" src=\"https:\/\/www.sagesontour.ch\/wp-content\/uploads\/2022\/05\/tn_45-1.jpg\" class=\"attachment-large size-large\" alt=\"\" srcset=\"https:\/\/www.sagesontour.ch\/wp-content\/uploads\/2022\/05\/tn_45-1.jpg 510w, https:\/\/www.sagesontour.ch\/wp-content\/uploads\/2022\/05\/tn_45-1-300x200.jpg 300w\" sizes=\"(max-width: 510px) 100vw, 510px\" \/><\/a><\/div><div class=\"advgb-post-wrapper\"><h2 class=\"advgb-post-title\"><a href=\"https:\/\/www.sagesontour.ch\/?p=1998\">Donnerstag, 25. Juni 2015<\/a><\/h2><div class=\"advgb-post-content\"><div class=\"advgb-post-excerpt\">Der heutige Tag ist schnell erz\u00e4hlt: Wir packen unsere Taschen und fahren wieder zur\u00fcck nach Chicago. Die Fahrt auf dem Highway 94 South ist unspektak<\/div><div class=\"advgb-post-readmore\"><a href=\"https:\/\/www.sagesontour.ch\/?p=1998\">Weiterlesen<\/a><\/div><\/div><\/div><\/article><article class=\"advgb-recent-post\"><div class=\"advgb-post-thumbnail\"><a href=\"https:\/\/www.sagesontour.ch\/?p=2006\"><img loading=\"lazy\" decoding=\"async\" width=\"510\" height=\"340\" src=\"https:\/\/www.sagesontour.ch\/wp-content\/uploads\/2022\/05\/tn_49.jpg\" class=\"attachment-large size-large\" alt=\"\" srcset=\"https:\/\/www.sagesontour.ch\/wp-content\/uploads\/2022\/05\/tn_49.jpg 510w, https:\/\/www.sagesontour.ch\/wp-content\/uploads\/2022\/05\/tn_49-300x200.jpg 300w\" sizes=\"(max-width: 510px) 100vw, 510px\" \/><\/a><\/div><div class=\"advgb-post-wrapper\"><h2 class=\"advgb-post-title\"><a href=\"https:\/\/www.sagesontour.ch\/?p=2006\">Freitag, 26. Juni 2015<\/a><\/h2><div class=\"advgb-post-content\"><div class=\"advgb-post-excerpt\">Der Blick aus dem Fenster gef\u00e4llt uns heute gar nicht. Der Trump Tower ist nebelverhangen und auch sonst ist die Sicht nicht all zu weit. Was soll&#8217;s, <\/div><div class=\"advgb-post-readmore\"><a href=\"https:\/\/www.sagesontour.ch\/?p=2006\">Weiterlesen<\/a><\/div><\/div><\/div><\/article><article class=\"advgb-recent-post\"><div class=\"advgb-post-thumbnail\"><a href=\"https:\/\/www.sagesontour.ch\/?p=2014\"><img loading=\"lazy\" decoding=\"async\" width=\"510\" height=\"340\" src=\"https:\/\/www.sagesontour.ch\/wp-content\/uploads\/2022\/05\/tn_53-1.jpg\" class=\"attachment-large size-large\" alt=\"\" srcset=\"https:\/\/www.sagesontour.ch\/wp-content\/uploads\/2022\/05\/tn_53-1.jpg 510w, https:\/\/www.sagesontour.ch\/wp-content\/uploads\/2022\/05\/tn_53-1-300x200.jpg 300w\" sizes=\"(max-width: 510px) 100vw, 510px\" \/><\/a><\/div><div class=\"advgb-post-wrapper\"><h2 class=\"advgb-post-title\"><a href=\"https:\/\/www.sagesontour.ch\/?p=2014\">Samstag, 27. Juni 2015<\/a><\/h2><div class=\"advgb-post-content\"><div class=\"advgb-post-excerpt\">Der Wetterbericht hat Recht behalten; heute ist es grossartig, allerdings sind die weiteren Aussichten verheerend. Also auf geht&#8217;s, damit wir alle Fot<\/div><div class=\"advgb-post-readmore\"><a href=\"https:\/\/www.sagesontour.ch\/?p=2014\">Weiterlesen<\/a><\/div><\/div><\/div><\/article><article class=\"advgb-recent-post\"><div class=\"advgb-post-thumbnail\"><a href=\"https:\/\/www.sagesontour.ch\/?p=2022\"><img loading=\"lazy\" decoding=\"async\" width=\"453\" height=\"340\" src=\"https:\/\/www.sagesontour.ch\/wp-content\/uploads\/2022\/05\/tn_57-1.jpg\" class=\"attachment-large size-large\" alt=\"\" srcset=\"https:\/\/www.sagesontour.ch\/wp-content\/uploads\/2022\/05\/tn_57-1.jpg 453w, https:\/\/www.sagesontour.ch\/wp-content\/uploads\/2022\/05\/tn_57-1-300x225.jpg 300w\" sizes=\"(max-width: 453px) 100vw, 453px\" \/><\/a><\/div><div class=\"advgb-post-wrapper\"><h2 class=\"advgb-post-title\"><a href=\"https:\/\/www.sagesontour.ch\/?p=2022\">Sonntag, 28. Juni 2015<\/a><\/h2><div class=\"advgb-post-content\"><div class=\"advgb-post-excerpt\">Nun ist es endlich soweit! Der H\u00f6hepunkt unserer Ferien steht an: U2 im United Center. Um das Fazit gleich mal vorweg zu nehmen: Ein Konzert in den US<\/div><div class=\"advgb-post-readmore\"><a href=\"https:\/\/www.sagesontour.ch\/?p=2022\">Weiterlesen<\/a><\/div><\/div><\/div><\/article><article class=\"advgb-recent-post\"><div class=\"advgb-post-thumbnail\"><a href=\"https:\/\/www.sagesontour.ch\/?p=2029\"><img loading=\"lazy\" decoding=\"async\" width=\"510\" height=\"340\" src=\"https:\/\/www.sagesontour.ch\/wp-content\/uploads\/2022\/05\/tn_61.jpg\" class=\"attachment-large size-large\" alt=\"\" srcset=\"https:\/\/www.sagesontour.ch\/wp-content\/uploads\/2022\/05\/tn_61.jpg 510w, https:\/\/www.sagesontour.ch\/wp-content\/uploads\/2022\/05\/tn_61-300x200.jpg 300w\" sizes=\"(max-width: 510px) 100vw, 510px\" \/><\/a><\/div><div class=\"advgb-post-wrapper\"><h2 class=\"advgb-post-title\"><a href=\"https:\/\/www.sagesontour.ch\/?p=2029\">Montag, 29. Juni 2015<\/a><\/h2><div class=\"advgb-post-content\"><div class=\"advgb-post-excerpt\">Nach einer kurzen Nacht, wachen wir bei nebligem und nassem Wetter auf. Zun\u00e4chst gehen wir fr\u00fchst\u00fccken im &#8222;Yolk&#8220;, Chicagos angesagteste Breakfast Loca<\/div><div class=\"advgb-post-readmore\"><a href=\"https:\/\/www.sagesontour.ch\/?p=2029\">Weiterlesen<\/a><\/div><\/div><\/div><\/article><article class=\"advgb-recent-post\"><div class=\"advgb-post-thumbnail\"><a href=\"https:\/\/www.sagesontour.ch\/?p=2037\"><img loading=\"lazy\" decoding=\"async\" width=\"564\" height=\"340\" src=\"https:\/\/www.sagesontour.ch\/wp-content\/uploads\/2022\/05\/tn_67.jpg\" class=\"attachment-large size-large\" alt=\"\" srcset=\"https:\/\/www.sagesontour.ch\/wp-content\/uploads\/2022\/05\/tn_67.jpg 564w, https:\/\/www.sagesontour.ch\/wp-content\/uploads\/2022\/05\/tn_67-300x181.jpg 300w\" sizes=\"(max-width: 564px) 100vw, 564px\" \/><\/a><\/div><div class=\"advgb-post-wrapper\"><h2 class=\"advgb-post-title\"><a href=\"https:\/\/www.sagesontour.ch\/?p=2037\">Dienstag, 30. Juni 2015<\/a><\/h2><div class=\"advgb-post-content\"><div class=\"advgb-post-excerpt\">Nach dieser ganzen Futterei in den letzten Tagen sind wir heute sportlich unterwegs. Wir lassen uns der Schnelligkeithalber mit dem Taxi zum Navy Pier<\/div><div class=\"advgb-post-readmore\"><a href=\"https:\/\/www.sagesontour.ch\/?p=2037\">Weiterlesen<\/a><\/div><\/div><\/div><\/article><article class=\"advgb-recent-post\"><div class=\"advgb-post-thumbnail\"><a href=\"https:\/\/www.sagesontour.ch\/?p=2048\"><img loading=\"lazy\" decoding=\"async\" width=\"510\" height=\"340\" src=\"https:\/\/www.sagesontour.ch\/wp-content\/uploads\/2022\/05\/tn_72-1.jpg\" class=\"attachment-large size-large\" alt=\"\" srcset=\"https:\/\/www.sagesontour.ch\/wp-content\/uploads\/2022\/05\/tn_72-1.jpg 510w, https:\/\/www.sagesontour.ch\/wp-content\/uploads\/2022\/05\/tn_72-1-300x200.jpg 300w\" sizes=\"(max-width: 510px) 100vw, 510px\" \/><\/a><\/div><div class=\"advgb-post-wrapper\"><h2 class=\"advgb-post-title\"><a href=\"https:\/\/www.sagesontour.ch\/?p=2048\">Mittwoch, 01. Juli 2015<\/a><\/h2><div class=\"advgb-post-content\"><div class=\"advgb-post-excerpt\">Das Beste kommt zum Schluss! Unter diesem Motto k\u00f6nnte der heutige Tag stehen. Zun\u00e4chst einmal verschl\u00e4gt es uns wieder in die neighborhood. Wir fahre<\/div><div class=\"advgb-post-readmore\"><a href=\"https:\/\/www.sagesontour.ch\/?p=2048\">Weiterlesen<\/a><\/div><\/div><\/div><\/article><\/div><\/div>","protected":false},"excerpt":{"rendered":"<p>Illinois, Alberta, Iowa, Wisconsin &amp; U2 vom 11. Juni bis 3. Juli 2015 Im Jahr 2015 waren wir wieder in den USA. Diesmal verschlug es uns in die Region Chicago. Grund f\u00fcr die Reise war das U2-Konzert in Chicago. Aber wir machten auch einen kleinen Abstecher nach Canada und besuchten Onkel Alfons und Inga, ehe wir zur\u00fcck nach Chicago flogen, um dort Illinois, Wisconsin und Iowa etwas n\u00e4her zu erkunden.<\/p>\n","protected":false},"author":1,"featured_media":0,"parent":0,"menu_order":0,"comment_status":"closed","ping_status":"closed","template":"","meta":{"advgb_blocks_editor_width":"","advgb_blocks_columns_visual_guide":"","ghostkit_customizer_options":"","ghostkit_custom_css":"","ghostkit_custom_js_head":"","ghostkit_custom_js_foot":"","ghostkit_typography":"","footnotes":""},"class_list":["post-1703","page","type-page","status-publish","hentry"],"coauthors":[],"author_meta":{"author_link":"https:\/\/www.sagesontour.ch\/?author=1","display_name":"sagesontour.ch"},"relative_dates":{"created":"Posted 11\u00a0Jahren ago","modified":"Updated 4\u00a0Jahren ago"},"absolute_dates":{"created":"Posted on Juni 10, 2015","modified":"Updated on Mai 21, 2022"},"absolute_dates_time":{"created":"Posted on Juni 10, 2015 9:29 a.m.","modified":"Updated on Mai 21, 2022 4:35 p.m."},"featured_img_caption":"","featured_img":false,"series_order":"","acf":[],"_links":{"self":[{"href":"https:\/\/www.sagesontour.ch\/index.php?rest_route=\/wp\/v2\/pages\/1703","targetHints":{"allow":["GET"]}}],"collection":[{"href":"https:\/\/www.sagesontour.ch\/index.php?rest_route=\/wp\/v2\/pages"}],"about":[{"href":"https:\/\/www.sagesontour.ch\/index.php?rest_route=\/wp\/v2\/types\/page"}],"author":[{"embeddable":true,"href":"https:\/\/www.sagesontour.ch\/index.php?rest_route=\/wp\/v2\/users\/1"}],"replies":[{"embeddable":true,"href":"https:\/\/www.sagesontour.ch\/index.php?rest_route=%2Fwp%2Fv2%2Fcomments&post=1703"}],"version-history":[{"count":7,"href":"https:\/\/www.sagesontour.ch\/index.php?rest_route=\/wp\/v2\/pages\/1703\/revisions"}],"predecessor-version":[{"id":2454,"href":"https:\/\/www.sagesontour.ch\/index.php?rest_route=\/wp\/v2\/pages\/1703\/revisions\/2454"}],"wp:attachment":[{"href":"https:\/\/www.sagesontour.ch\/index.php?rest_route=%2Fwp%2Fv2%2Fmedia&parent=1703"}],"curies":[{"name":"wp","href":"https:\/\/api.w.org\/{rel}","templated":true}]}}