{"id":12,"date":"2022-04-07T06:48:06","date_gmt":"2022-04-07T06:48:06","guid":{"rendered":"https:\/\/www.sagesontour.ch\/?page_id=12"},"modified":"2023-09-01T09:07:15","modified_gmt":"2023-09-01T09:07:15","slug":"blogs","status":"publish","type":"page","link":"https:\/\/www.sagesontour.ch\/?page_id=12","title":{"rendered":"Blogs"},"content":{"rendered":"<p>Alles begann im Jahr 2010 als wir nach New York City flogen und anschliessend nach Calgary zu Onkel Alfons. Ich wollte unbedingt das in der Schule Gelernte anwenden und entschloss mich, eine Website zu erstellen, in welcher auch ein Blog integriert ist. Die urspr\u00fcngliche Website gibt es schon lange nicht mehr. Aber die Blogeintr\u00e4ge habe ich immer mitgenommen.<\/p>\r\n<div class=\"advgb-recent-posts-block grid-view columns-2 recent-posts-45409eb3-a31a-4cb1-b3ff-bb404ecf2870\"><div class=\"advgb-recent-posts\"><article class=\"advgb-recent-post\"><div class=\"advgb-post-thumbnail\"><a href=\"https:\/\/www.sagesontour.ch\/?p=1875\"><img fetchpriority=\"high\" decoding=\"async\" width=\"453\" height=\"340\" src=\"https:\/\/www.sagesontour.ch\/wp-content\/uploads\/2010\/09\/tn_1.jpg\" class=\"attachment-large size-large\" alt=\"\" srcset=\"https:\/\/www.sagesontour.ch\/wp-content\/uploads\/2010\/09\/tn_1.jpg 453w, https:\/\/www.sagesontour.ch\/wp-content\/uploads\/2010\/09\/tn_1-300x225.jpg 300w\" sizes=\"(max-width: 453px) 100vw, 453px\" \/><\/a><\/div><div class=\"advgb-post-wrapper\"><h2 class=\"advgb-post-title\"><a href=\"https:\/\/www.sagesontour.ch\/?p=1875\">Unser Trip an die Ostk\u00fcste der USA und nach Canada vom 18. September bis 15. Oktober 2010<\/a><\/h2><div class=\"advgb-post-content\"><div class=\"advgb-post-excerpt\">Endlich ist es soweit. 9:55 Uhr startet unser Flugzeug nach New York City. In der gem\u00fctlichen Business Class gehen die 8 1\/2 Stunden sprichw\u00f6rtlich wi<\/div><div class=\"advgb-post-readmore\"><a href=\"https:\/\/www.sagesontour.ch\/?p=1875\">Weiterlesen<\/a><\/div><\/div><\/div><\/article><article class=\"advgb-recent-post\"><div class=\"advgb-post-thumbnail\"><a href=\"https:\/\/www.sagesontour.ch\/?p=1877\"><img decoding=\"async\" width=\"600\" height=\"338\" src=\"https:\/\/www.sagesontour.ch\/wp-content\/uploads\/2011\/07\/tn_Sonntag_1-1.jpg\" class=\"attachment-large size-large\" alt=\"\" srcset=\"https:\/\/www.sagesontour.ch\/wp-content\/uploads\/2011\/07\/tn_Sonntag_1-1.jpg 600w, https:\/\/www.sagesontour.ch\/wp-content\/uploads\/2011\/07\/tn_Sonntag_1-1-300x169.jpg 300w, https:\/\/www.sagesontour.ch\/wp-content\/uploads\/2011\/07\/tn_Sonntag_1-1-480x270.jpg 480w\" sizes=\"(max-width: 600px) 100vw, 600px\" \/><\/a><\/div><div class=\"advgb-post-wrapper\"><h2 class=\"advgb-post-title\"><a href=\"https:\/\/www.sagesontour.ch\/?p=1877\">Unsere Ferien auf der Insel R\u00fcgen 2011<\/a><\/h2><div class=\"advgb-post-content\"><div class=\"advgb-post-excerpt\">Ankunft in Berlin Juhui, Ferien! Wir sitzen noch gem\u00fctlich am Fr\u00fchst\u00fcckstisch, aber schon bald geht&#8217;s los. Aber erst m\u00fcssen wir uns von unseren Katzen<\/div><div class=\"advgb-post-readmore\"><a href=\"https:\/\/www.sagesontour.ch\/?p=1877\">Weiterlesen<\/a><\/div><\/div><\/div><\/article><article class=\"advgb-recent-post\"><div class=\"advgb-post-thumbnail\"><a href=\"https:\/\/www.sagesontour.ch\/?p=1881\"><img decoding=\"async\" width=\"453\" height=\"340\" src=\"https:\/\/www.sagesontour.ch\/wp-content\/uploads\/2022\/05\/tn_1-1.jpg\" class=\"attachment-large size-large\" alt=\"\" srcset=\"https:\/\/www.sagesontour.ch\/wp-content\/uploads\/2022\/05\/tn_1-1.jpg 453w, https:\/\/www.sagesontour.ch\/wp-content\/uploads\/2022\/05\/tn_1-1-300x225.jpg 300w\" sizes=\"(max-width: 453px) 100vw, 453px\" \/><\/a><\/div><div class=\"advgb-post-wrapper\"><h2 class=\"advgb-post-title\"><a href=\"https:\/\/www.sagesontour.ch\/?p=1881\">Unser Trip nach Vancouver (und was uns sonst noch so erwartet) vom 22. September bis 13. Oktober 2012<\/a><\/h2><div class=\"advgb-post-content\"><div class=\"advgb-post-excerpt\">Nachdem wir in der Lounge in Z\u00fcrich unser obligatorisches Abflugbierli getrunken haben, geht um 9:20 Uhr mit etwas Versp\u00e4tung der Flieger nach Frankfu<\/div><div class=\"advgb-post-readmore\"><a href=\"https:\/\/www.sagesontour.ch\/?p=1881\">Weiterlesen<\/a><\/div><\/div><\/div><\/article><article class=\"advgb-recent-post\"><div class=\"advgb-post-thumbnail\"><a href=\"https:\/\/www.sagesontour.ch\/?p=1885\"><img loading=\"lazy\" decoding=\"async\" width=\"600\" height=\"338\" src=\"https:\/\/www.sagesontour.ch\/wp-content\/uploads\/2022\/05\/tn_1.jpg\" class=\"attachment-large size-large\" alt=\"\" srcset=\"https:\/\/www.sagesontour.ch\/wp-content\/uploads\/2022\/05\/tn_1.jpg 600w, https:\/\/www.sagesontour.ch\/wp-content\/uploads\/2022\/05\/tn_1-300x169.jpg 300w, https:\/\/www.sagesontour.ch\/wp-content\/uploads\/2022\/05\/tn_1-480x270.jpg 480w\" sizes=\"(max-width: 600px) 100vw, 600px\" \/><\/a><\/div><div class=\"advgb-post-wrapper\"><h2 class=\"advgb-post-title\"><a href=\"https:\/\/www.sagesontour.ch\/?p=1885\">Unser Trip an die Westk\u00fcste der USA vom 30. Juli bis 27. August 2014<\/a><\/h2><div class=\"advgb-post-content\"><div class=\"advgb-post-excerpt\">Endlich ist es soweit! Wer h\u00e4tte noch vor einem Monat gedacht, dass wir heute wirklich den Flieger nach Vancouver mit Zwischenstopp in M\u00fcnchen besteig<\/div><div class=\"advgb-post-readmore\"><a href=\"https:\/\/www.sagesontour.ch\/?p=1885\">Weiterlesen<\/a><\/div><\/div><\/div><\/article><article class=\"advgb-recent-post\"><div class=\"advgb-post-thumbnail\"><a href=\"https:\/\/www.sagesontour.ch\/?p=1898\"><img loading=\"lazy\" decoding=\"async\" width=\"510\" height=\"340\" src=\"https:\/\/www.sagesontour.ch\/wp-content\/uploads\/2022\/05\/tn_1-2.jpg\" class=\"attachment-large size-large\" alt=\"\" srcset=\"https:\/\/www.sagesontour.ch\/wp-content\/uploads\/2022\/05\/tn_1-2.jpg 510w, https:\/\/www.sagesontour.ch\/wp-content\/uploads\/2022\/05\/tn_1-2-300x200.jpg 300w\" sizes=\"(max-width: 510px) 100vw, 510px\" \/><\/a><\/div><div class=\"advgb-post-wrapper\"><h2 class=\"advgb-post-title\"><a href=\"https:\/\/www.sagesontour.ch\/?p=1898\">Illinois, Alberta, Iowa, Wisconsin &#038; U2 vom 11. Juni bis 3. Juli 2015<\/a><\/h2><div class=\"advgb-post-content\"><div class=\"advgb-post-excerpt\">Boarding 9:10 Uhr! C\u00fcpli 9:20 Uhr! Ready for take off 9:45 Uhr! Wir heben ab 10:00 Uhr! \u00dcber den Wolken 10:15 Uhr! Schweizer P\u00fcnktlichkeit! Allerdings<\/div><div class=\"advgb-post-readmore\"><a href=\"https:\/\/www.sagesontour.ch\/?p=1898\">Weiterlesen<\/a><\/div><\/div><\/div><\/article><article class=\"advgb-recent-post\"><div class=\"advgb-post-thumbnail\"><a href=\"https:\/\/www.sagesontour.ch\/?p=2117\"><img loading=\"lazy\" decoding=\"async\" width=\"600\" height=\"338\" src=\"https:\/\/www.sagesontour.ch\/wp-content\/uploads\/2022\/05\/tn_1-3.jpg\" class=\"attachment-large size-large\" alt=\"\" srcset=\"https:\/\/www.sagesontour.ch\/wp-content\/uploads\/2022\/05\/tn_1-3.jpg 600w, https:\/\/www.sagesontour.ch\/wp-content\/uploads\/2022\/05\/tn_1-3-300x169.jpg 300w, https:\/\/www.sagesontour.ch\/wp-content\/uploads\/2022\/05\/tn_1-3-480x270.jpg 480w\" sizes=\"(max-width: 600px) 100vw, 600px\" \/><\/a><\/div><div class=\"advgb-post-wrapper\"><h2 class=\"advgb-post-title\"><a href=\"https:\/\/www.sagesontour.ch\/?p=2117\">New York City, Washington D.C., Southeast, viel Geschichte, Natur und Country vom 13. Juni bis 15. Juli 2018<\/a><\/h2><div class=\"advgb-post-content\"><div class=\"advgb-post-excerpt\">Die Fussball-WM beginnt und wir sind dann mal weg! Drei Jahre sind seit unserem letzten Blogeintrag vergangen. Jetzt wird es aber Zeit, wieder einmal <\/div><div class=\"advgb-post-readmore\"><a href=\"https:\/\/www.sagesontour.ch\/?p=2117\">Weiterlesen<\/a><\/div><\/div><\/div><\/article><article class=\"advgb-recent-post\"><div class=\"advgb-post-thumbnail\"><a href=\"https:\/\/www.sagesontour.ch\/?p=3155\"><img loading=\"lazy\" decoding=\"async\" width=\"391\" height=\"340\" src=\"https:\/\/www.sagesontour.ch\/wp-content\/uploads\/2022\/05\/tn_20220522_143930_1.jpg\" class=\"attachment-large size-large\" alt=\"\" srcset=\"https:\/\/www.sagesontour.ch\/wp-content\/uploads\/2022\/05\/tn_20220522_143930_1.jpg 391w, https:\/\/www.sagesontour.ch\/wp-content\/uploads\/2022\/05\/tn_20220522_143930_1-300x261.jpg 300w\" sizes=\"(max-width: 391px) 100vw, 391px\" \/><\/a><\/div><div class=\"advgb-post-wrapper\"><h2 class=\"advgb-post-title\"><a href=\"https:\/\/www.sagesontour.ch\/?p=3155\">Lake Tahoe, Yellowstone Nationalpark, Joshua Tree Nationalpark, Mojave National Preserve, Grand Canyon, Bryce Canyon Nationalpark, Desert Valley und zwischendurch noch ein wenig Canada, LA, San Diego und San Francisco<\/a><\/h2><div class=\"advgb-post-content\"><div class=\"advgb-post-excerpt\">Jetzt ist es aber mal wieder an der Zeit gewesen, sich in den Flieger zu setzen und abzuheben. In der Vergangenheit sind wir immer am Morgen zwischen <\/div><div class=\"advgb-post-readmore\"><a href=\"https:\/\/www.sagesontour.ch\/?p=3155\">Weiterlesen<\/a><\/div><\/div><\/div><\/article><\/div><\/div>","protected":false},"excerpt":{"rendered":"<p>Alles begann im Jahr 2010 als wir nach New York City flogen und anschliessend nach Calgary zu Onkel Alfons. Ich wollte unbedingt das in der Schule Gelernte anwenden und entschloss mich, eine Website zu erstellen, in welcher auch ein Blog integriert ist. Die urspr\u00fcngliche Website gibt es schon lange nicht mehr. Aber die Blogeintr\u00e4ge habe ich immer mitgenommen.<\/p>\n","protected":false},"author":1,"featured_media":0,"parent":0,"menu_order":0,"comment_status":"closed","ping_status":"closed","template":"","meta":{"advgb_blocks_editor_width":"default","advgb_blocks_columns_visual_guide":"","ghostkit_customizer_options":"","ghostkit_custom_css":"","ghostkit_custom_js_head":"","ghostkit_custom_js_foot":"","ghostkit_typography":"","footnotes":""},"class_list":["post-12","page","type-page","status-publish","hentry"],"coauthors":[],"author_meta":{"author_link":"https:\/\/www.sagesontour.ch\/?author=1","display_name":"sagesontour.ch"},"relative_dates":{"created":"Posted 4\u00a0Jahren ago","modified":"Updated 3\u00a0Jahren ago"},"absolute_dates":{"created":"Posted on April 7, 2022","modified":"Updated on September 1, 2023"},"absolute_dates_time":{"created":"Posted on April 7, 2022 6:48 a.m.","modified":"Updated on September 1, 2023 9:07 a.m."},"featured_img_caption":"","featured_img":false,"series_order":"","acf":[],"_links":{"self":[{"href":"https:\/\/www.sagesontour.ch\/index.php?rest_route=\/wp\/v2\/pages\/12","targetHints":{"allow":["GET"]}}],"collection":[{"href":"https:\/\/www.sagesontour.ch\/index.php?rest_route=\/wp\/v2\/pages"}],"about":[{"href":"https:\/\/www.sagesontour.ch\/index.php?rest_route=\/wp\/v2\/types\/page"}],"author":[{"embeddable":true,"href":"https:\/\/www.sagesontour.ch\/index.php?rest_route=\/wp\/v2\/users\/1"}],"replies":[{"embeddable":true,"href":"https:\/\/www.sagesontour.ch\/index.php?rest_route=%2Fwp%2Fv2%2Fcomments&post=12"}],"version-history":[{"count":15,"href":"https:\/\/www.sagesontour.ch\/index.php?rest_route=\/wp\/v2\/pages\/12\/revisions"}],"predecessor-version":[{"id":3181,"href":"https:\/\/www.sagesontour.ch\/index.php?rest_route=\/wp\/v2\/pages\/12\/revisions\/3181"}],"wp:attachment":[{"href":"https:\/\/www.sagesontour.ch\/index.php?rest_route=%2Fwp%2Fv2%2Fmedia&parent=12"}],"curies":[{"name":"wp","href":"https:\/\/api.w.org\/{rel}","templated":true}]}}